{"id":79353,"date":"2025-11-11T22:34:19","date_gmt":"2025-11-11T21:34:19","guid":{"rendered":"https:\/\/www.ernstbrunn-apotheke.at\/katalog\/produkt\/zimt-300mg-kapseln-3\/"},"modified":"2025-12-08T19:05:26","modified_gmt":"2025-12-08T18:05:26","slug":"zimt-300mg-kapseln-3","status":"publish","type":"product","link":"https:\/\/www.ernstbrunn-apotheke.at\/katalog\/produkt\/zimt-300mg-kapseln-3\/","title":{"rendered":"Zimt 300mg Kapseln"},"content":{"rendered":"<p>Zimt 300 mg GPH Kapseln enthalten ein Zimtrindenextrakt, das sich durch seine antioxidativen Eigenschaften auszeichnet. Neueste Untersuchungen deuten auf einen g\u00fcnstigen Einfluss auf den Blutzuckerspiegel bzw. Glucosestoffwechsel hin, der auf die wasserl\u00f6slichen Inhaltsstoffe der Zimtrinde zur\u00fcckzuf\u00fchren ist. Eine zus\u00e4tzliche Aufnahme von Zimt ist besonders g\u00fcnstig f\u00fcr Diabetiker.<\/p>\n","protected":false},"excerpt":{"rendered":"<p>Zimt 300 mg GPH Kapseln enthalten ein Zimtrindenextrakt, das sich durch seine antioxidativen Eigenschaften auszeichnet. Neueste Untersuchungen deuten auf einen g\u00fcnstigen Einfluss auf den Blutzuckerspiegel bzw. Glucosestoffwechsel hin, der auf die wasserl\u00f6slichen Inhaltsstoffe der Zimtrinde zur\u00fcckzuf\u00fchren ist. Eine zus\u00e4tzliche Aufnahme von Zimt ist besonders g\u00fcnstig f\u00fcr Diabetiker.<\/p>\n","protected":false},"featured_media":79355,"template":"","meta":{"_acf_changed":false},"product_brand":[371],"product_cat":[803],"product_tag":[],"class_list":{"0":"post-79353","1":"product","2":"type-product","3":"status-publish","4":"has-post-thumbnail","6":"product_brand-gall-pharma","7":"product_cat-z","8":"pa_packungsgroesse-180-stueck","10":"first","11":"instock","12":"shipping-taxable","13":"purchasable","14":"product-type-simple"},"acf":[],"_links":{"self":[{"href":"https:\/\/www.ernstbrunn-apotheke.at\/katalog\/wp-json\/wp\/v2\/product\/79353","targetHints":{"allow":["GET"]}}],"collection":[{"href":"https:\/\/www.ernstbrunn-apotheke.at\/katalog\/wp-json\/wp\/v2\/product"}],"about":[{"href":"https:\/\/www.ernstbrunn-apotheke.at\/katalog\/wp-json\/wp\/v2\/types\/product"}],"wp:featuredmedia":[{"embeddable":true,"href":"https:\/\/www.ernstbrunn-apotheke.at\/katalog\/wp-json\/wp\/v2\/media\/79355"}],"wp:attachment":[{"href":"https:\/\/www.ernstbrunn-apotheke.at\/katalog\/wp-json\/wp\/v2\/media?parent=79353"}],"wp:term":[{"taxonomy":"product_brand","embeddable":true,"href":"https:\/\/www.ernstbrunn-apotheke.at\/katalog\/wp-json\/wp\/v2\/product_brand?post=79353"},{"taxonomy":"product_cat","embeddable":true,"href":"https:\/\/www.ernstbrunn-apotheke.at\/katalog\/wp-json\/wp\/v2\/product_cat?post=79353"},{"taxonomy":"product_tag","embeddable":true,"href":"https:\/\/www.ernstbrunn-apotheke.at\/katalog\/wp-json\/wp\/v2\/product_tag?post=79353"}],"curies":[{"name":"wp","href":"https:\/\/api.w.org\/{rel}","templated":true}]}}