{"id":79350,"date":"2025-11-11T22:33:30","date_gmt":"2025-11-11T21:33:30","guid":{"rendered":"https:\/\/www.ernstbrunn-apotheke.at\/katalog\/produkt\/dr-hauschka-gesichtstonikum-klaerend-10-ml\/"},"modified":"2025-12-08T19:05:24","modified_gmt":"2025-12-08T18:05:24","slug":"dr-hauschka-gesichtstonikum-klaerend-10-ml","status":"publish","type":"product","link":"https:\/\/www.ernstbrunn-apotheke.at\/katalog\/produkt\/dr-hauschka-gesichtstonikum-klaerend-10-ml\/","title":{"rendered":"Dr. Hauschka Gesichtstonikum kl\u00e4rend 10 ml"},"content":{"rendered":"<p>Dr. Hauschka Gesicht Tonikum kl\u00e4rend regt die Eigenkr\u00e4fte der Haut auf sanfte Art und Weise an. Es sorgt f\u00fcr einen rosigen Teint mit lebendiger Ausstrahlung. F\u00fcr unreine, gro\u00dfporige und fettige Haut ist das Gesichtstonikum kl\u00e4rend die ideale st\u00e4rkende Basispflege.<\/p>\n","protected":false},"excerpt":{"rendered":"<p>Dr. Hauschka Gesicht Tonikum kl\u00e4rend regt die Eigenkr\u00e4fte der Haut auf sanfte Art und Weise an. Es sorgt f\u00fcr einen rosigen Teint mit lebendiger Ausstrahlung. F\u00fcr unreine, gro\u00dfporige und fettige Haut ist das Gesichtstonikum kl\u00e4rend die ideale st\u00e4rkende Basispflege.<\/p>\n","protected":false},"featured_media":79352,"template":"","meta":{"_acf_changed":false},"product_brand":[679],"product_cat":[792],"product_tag":[],"class_list":{"0":"post-79350","1":"product","2":"type-product","3":"status-publish","4":"has-post-thumbnail","6":"product_brand-dr-hauschka","7":"product_cat-d","8":"pa_packungsgroesse-10ml","10":"first","11":"instock","12":"shipping-taxable","13":"purchasable","14":"product-type-simple"},"acf":[],"_links":{"self":[{"href":"https:\/\/www.ernstbrunn-apotheke.at\/katalog\/wp-json\/wp\/v2\/product\/79350","targetHints":{"allow":["GET"]}}],"collection":[{"href":"https:\/\/www.ernstbrunn-apotheke.at\/katalog\/wp-json\/wp\/v2\/product"}],"about":[{"href":"https:\/\/www.ernstbrunn-apotheke.at\/katalog\/wp-json\/wp\/v2\/types\/product"}],"wp:featuredmedia":[{"embeddable":true,"href":"https:\/\/www.ernstbrunn-apotheke.at\/katalog\/wp-json\/wp\/v2\/media\/79352"}],"wp:attachment":[{"href":"https:\/\/www.ernstbrunn-apotheke.at\/katalog\/wp-json\/wp\/v2\/media?parent=79350"}],"wp:term":[{"taxonomy":"product_brand","embeddable":true,"href":"https:\/\/www.ernstbrunn-apotheke.at\/katalog\/wp-json\/wp\/v2\/product_brand?post=79350"},{"taxonomy":"product_cat","embeddable":true,"href":"https:\/\/www.ernstbrunn-apotheke.at\/katalog\/wp-json\/wp\/v2\/product_cat?post=79350"},{"taxonomy":"product_tag","embeddable":true,"href":"https:\/\/www.ernstbrunn-apotheke.at\/katalog\/wp-json\/wp\/v2\/product_tag?post=79350"}],"curies":[{"name":"wp","href":"https:\/\/api.w.org\/{rel}","templated":true}]}}