{"id":79255,"date":"2025-11-11T22:32:34","date_gmt":"2025-11-11T21:32:34","guid":{"rendered":"https:\/\/www.ernstbrunn-apotheke.at\/katalog\/produkt\/avitale-oliven-oel-koerpercreme-250-ml\/"},"modified":"2025-12-08T19:04:54","modified_gmt":"2025-12-08T18:04:54","slug":"avitale-oliven-oel-koerpercreme-250-ml","status":"publish","type":"product","link":"https:\/\/www.ernstbrunn-apotheke.at\/katalog\/produkt\/avitale-oliven-oel-koerpercreme-250-ml\/","title":{"rendered":"Avitale Oliven \u00d6l K\u00f6rpercreme 250 ml"},"content":{"rendered":"<p>Avitale Oliven \u00d6l K\u00f6rpercreme pflegt normale und trockene strapazierte Haut besonders sanft und zart. Kostbares n\u00e4hrstoffreiches Oliven\u00f6l, Jojoba\u00f6l und Sheabutter verw\u00f6hnen die Haut, sie wird weich und geschmeidig, erh\u00e4lt ein frisches Aussehen und einen seidigen Glanz.<\/p>\n","protected":false},"excerpt":{"rendered":"<p>Avitale Oliven \u00d6l K\u00f6rpercreme pflegt normale und trockene strapazierte Haut besonders sanft und zart. Kostbares n\u00e4hrstoffreiches Oliven\u00f6l, Jojoba\u00f6l und Sheabutter verw\u00f6hnen die Haut, sie wird weich und geschmeidig, erh\u00e4lt ein frisches Aussehen und einen seidigen Glanz.<\/p>\n","protected":false},"featured_media":0,"template":"","meta":{"_acf_changed":false},"product_brand":[816],"product_cat":[801],"product_tag":[],"class_list":{"0":"post-79255","1":"product","2":"type-product","3":"status-publish","5":"product_brand-avitale","6":"product_cat-a","7":"pa_packungsgroesse-250ml","9":"first","10":"instock","11":"shipping-taxable","12":"purchasable","13":"product-type-simple"},"acf":[],"_links":{"self":[{"href":"https:\/\/www.ernstbrunn-apotheke.at\/katalog\/wp-json\/wp\/v2\/product\/79255","targetHints":{"allow":["GET"]}}],"collection":[{"href":"https:\/\/www.ernstbrunn-apotheke.at\/katalog\/wp-json\/wp\/v2\/product"}],"about":[{"href":"https:\/\/www.ernstbrunn-apotheke.at\/katalog\/wp-json\/wp\/v2\/types\/product"}],"wp:attachment":[{"href":"https:\/\/www.ernstbrunn-apotheke.at\/katalog\/wp-json\/wp\/v2\/media?parent=79255"}],"wp:term":[{"taxonomy":"product_brand","embeddable":true,"href":"https:\/\/www.ernstbrunn-apotheke.at\/katalog\/wp-json\/wp\/v2\/product_brand?post=79255"},{"taxonomy":"product_cat","embeddable":true,"href":"https:\/\/www.ernstbrunn-apotheke.at\/katalog\/wp-json\/wp\/v2\/product_cat?post=79255"},{"taxonomy":"product_tag","embeddable":true,"href":"https:\/\/www.ernstbrunn-apotheke.at\/katalog\/wp-json\/wp\/v2\/product_tag?post=79255"}],"curies":[{"name":"wp","href":"https:\/\/api.w.org\/{rel}","templated":true}]}}