{"id":79210,"date":"2025-11-11T22:30:47","date_gmt":"2025-11-11T21:30:47","guid":{"rendered":"https:\/\/www.ernstbrunn-apotheke.at\/katalog\/produkt\/mobilex-plus-kapseln-60-stk\/"},"modified":"2025-12-08T19:04:38","modified_gmt":"2025-12-08T18:04:38","slug":"mobilex-plus-kapseln-60-stk","status":"publish","type":"product","link":"https:\/\/www.ernstbrunn-apotheke.at\/katalog\/produkt\/mobilex-plus-kapseln-60-stk\/","title":{"rendered":"Mobilex Plus Kapseln 60 Stk."},"content":{"rendered":"<p>Mobilex Plus Kapseln sind die perfekte N\u00e4hrstoffkombination f\u00fcr Knorpel und Knochen.Wir bieten Ihnen die komplette Auswahl einer \u00f6sterreichischen Standortapotheke \u0096 jetzt bestellen und 3 Tagesportionen Orthomol arthroplus gratis erhalten!<\/p>\n","protected":false},"excerpt":{"rendered":"<p>Mobilex Plus Kapseln sind die perfekte N\u00e4hrstoffkombination f\u00fcr Knorpel und Knochen.Wir bieten Ihnen die komplette Auswahl einer \u00f6sterreichischen Standortapotheke \u0096 jetzt bestellen und 3 Tagesportionen Orthomol arthroplus gratis erhalten!<\/p>\n","protected":false},"featured_media":79212,"template":"","meta":{"_acf_changed":false},"product_brand":[],"product_cat":[800],"product_tag":[],"class_list":{"0":"post-79210","1":"product","2":"type-product","3":"status-publish","4":"has-post-thumbnail","6":"product_cat-m","7":"pa_packungsgroesse-60-stueck","9":"first","10":"instock","11":"shipping-taxable","12":"purchasable","13":"product-type-simple"},"acf":[],"_links":{"self":[{"href":"https:\/\/www.ernstbrunn-apotheke.at\/katalog\/wp-json\/wp\/v2\/product\/79210","targetHints":{"allow":["GET"]}}],"collection":[{"href":"https:\/\/www.ernstbrunn-apotheke.at\/katalog\/wp-json\/wp\/v2\/product"}],"about":[{"href":"https:\/\/www.ernstbrunn-apotheke.at\/katalog\/wp-json\/wp\/v2\/types\/product"}],"wp:featuredmedia":[{"embeddable":true,"href":"https:\/\/www.ernstbrunn-apotheke.at\/katalog\/wp-json\/wp\/v2\/media\/79212"}],"wp:attachment":[{"href":"https:\/\/www.ernstbrunn-apotheke.at\/katalog\/wp-json\/wp\/v2\/media?parent=79210"}],"wp:term":[{"taxonomy":"product_brand","embeddable":true,"href":"https:\/\/www.ernstbrunn-apotheke.at\/katalog\/wp-json\/wp\/v2\/product_brand?post=79210"},{"taxonomy":"product_cat","embeddable":true,"href":"https:\/\/www.ernstbrunn-apotheke.at\/katalog\/wp-json\/wp\/v2\/product_cat?post=79210"},{"taxonomy":"product_tag","embeddable":true,"href":"https:\/\/www.ernstbrunn-apotheke.at\/katalog\/wp-json\/wp\/v2\/product_tag?post=79210"}],"curies":[{"name":"wp","href":"https:\/\/api.w.org\/{rel}","templated":true}]}}