{"id":79137,"date":"2025-11-11T22:29:37","date_gmt":"2025-11-11T21:29:37","guid":{"rendered":"https:\/\/www.ernstbrunn-apotheke.at\/katalog\/produkt\/bioface-reinigungsgel-sensitiv-150-ml\/"},"modified":"2025-12-08T19:04:10","modified_gmt":"2025-12-08T18:04:10","slug":"bioface-reinigungsgel-sensitiv-150-ml","status":"publish","type":"product","link":"https:\/\/www.ernstbrunn-apotheke.at\/katalog\/produkt\/bioface-reinigungsgel-sensitiv-150-ml\/","title":{"rendered":"Bioface Reinigungsgel sensitiv 150 ml"},"content":{"rendered":"<p>Bioface Reinigungsgel sensitiv ist eine hochwirksame Hautpflege f\u00fcr trockene und zu Akne neigender Haut. Die erlesenen Fruchts\u00e4uren, hochwertige Radikalf\u00e4nger und wertvolle biologischen Stoffe in hohen Konzentrationen f\u00fcgen sich zu einem kompletten Hautpflegesystem f\u00fcr jeden Tag und jeden Hauttyp zusammen.<\/p>\n","protected":false},"excerpt":{"rendered":"<p>Bioface Reinigungsgel sensitiv ist eine hochwirksame Hautpflege f\u00fcr trockene und zu Akne neigender Haut. Die erlesenen Fruchts\u00e4uren, hochwertige Radikalf\u00e4nger und wertvolle biologischen Stoffe in hohen Konzentrationen f\u00fcgen sich zu einem kompletten Hautpflegesystem f\u00fcr jeden Tag und jeden Hauttyp zusammen.<\/p>\n","protected":false},"featured_media":79139,"template":"","meta":{"_acf_changed":false},"product_brand":[],"product_cat":[802],"product_tag":[],"class_list":{"0":"post-79137","1":"product","2":"type-product","3":"status-publish","4":"has-post-thumbnail","6":"product_cat-b","7":"pa_packungsgroesse-150ml","9":"first","10":"instock","11":"shipping-taxable","12":"purchasable","13":"product-type-simple"},"acf":[],"_links":{"self":[{"href":"https:\/\/www.ernstbrunn-apotheke.at\/katalog\/wp-json\/wp\/v2\/product\/79137","targetHints":{"allow":["GET"]}}],"collection":[{"href":"https:\/\/www.ernstbrunn-apotheke.at\/katalog\/wp-json\/wp\/v2\/product"}],"about":[{"href":"https:\/\/www.ernstbrunn-apotheke.at\/katalog\/wp-json\/wp\/v2\/types\/product"}],"wp:featuredmedia":[{"embeddable":true,"href":"https:\/\/www.ernstbrunn-apotheke.at\/katalog\/wp-json\/wp\/v2\/media\/79139"}],"wp:attachment":[{"href":"https:\/\/www.ernstbrunn-apotheke.at\/katalog\/wp-json\/wp\/v2\/media?parent=79137"}],"wp:term":[{"taxonomy":"product_brand","embeddable":true,"href":"https:\/\/www.ernstbrunn-apotheke.at\/katalog\/wp-json\/wp\/v2\/product_brand?post=79137"},{"taxonomy":"product_cat","embeddable":true,"href":"https:\/\/www.ernstbrunn-apotheke.at\/katalog\/wp-json\/wp\/v2\/product_cat?post=79137"},{"taxonomy":"product_tag","embeddable":true,"href":"https:\/\/www.ernstbrunn-apotheke.at\/katalog\/wp-json\/wp\/v2\/product_tag?post=79137"}],"curies":[{"name":"wp","href":"https:\/\/api.w.org\/{rel}","templated":true}]}}