{"id":79035,"date":"2025-11-11T22:27:57","date_gmt":"2025-11-11T21:27:57","guid":{"rendered":"https:\/\/www.ernstbrunn-apotheke.at\/katalog\/produkt\/allergika-dermifant-kinderoelbad-500-ml\/"},"modified":"2025-12-08T19:03:32","modified_gmt":"2025-12-08T18:03:32","slug":"allergika-dermifant-kinderoelbad-500-ml","status":"publish","type":"product","link":"https:\/\/www.ernstbrunn-apotheke.at\/katalog\/produkt\/allergika-dermifant-kinderoelbad-500-ml\/","title":{"rendered":"Allergika Dermifant Kinder\u00f6lbad 500 ml"},"content":{"rendered":"<p>Allergika Dermifant Kinder\u00f6lbad dient nicht der Reinigung, sondern der intensiven Pflege des ganzen K\u00f6rpers. Wasser oder gar waschaktive Substanzen trocknen die Haut zu sehr aus. Dieses \u00d6lbad enth\u00e4lt hochkonzentriertes, allergenarmes Soja-\u00d6l mit mehr als 60% essentiellen Fetts\u00e4uren. Das \u00d6l verteilt sich im Badewasser gleichm\u00e4\u00dfig. Auf der Haut hinterl\u00e4sst es einen angenehmen Schutzfilm.<\/p>\n","protected":false},"excerpt":{"rendered":"<p>Allergika Dermifant Kinder\u00f6lbad dient nicht der Reinigung, sondern der intensiven Pflege des ganzen K\u00f6rpers. Wasser oder gar waschaktive Substanzen trocknen die Haut zu sehr aus. Dieses \u00d6lbad enth\u00e4lt hochkonzentriertes, allergenarmes Soja-\u00d6l mit mehr als 60% essentiellen Fetts\u00e4uren. Das \u00d6l verteilt sich im Badewasser gleichm\u00e4\u00dfig. Auf der Haut hinterl\u00e4sst es einen angenehmen Schutzfilm.<\/p>\n","protected":false},"featured_media":79037,"template":"","meta":{"_acf_changed":false},"product_brand":[396],"product_cat":[801],"product_tag":[],"class_list":{"0":"post-79035","1":"product","2":"type-product","3":"status-publish","4":"has-post-thumbnail","6":"product_brand-allergika","7":"product_cat-a","8":"pa_packungsgroesse-500ml","10":"first","11":"instock","12":"shipping-taxable","13":"purchasable","14":"product-type-simple"},"acf":[],"_links":{"self":[{"href":"https:\/\/www.ernstbrunn-apotheke.at\/katalog\/wp-json\/wp\/v2\/product\/79035","targetHints":{"allow":["GET"]}}],"collection":[{"href":"https:\/\/www.ernstbrunn-apotheke.at\/katalog\/wp-json\/wp\/v2\/product"}],"about":[{"href":"https:\/\/www.ernstbrunn-apotheke.at\/katalog\/wp-json\/wp\/v2\/types\/product"}],"wp:featuredmedia":[{"embeddable":true,"href":"https:\/\/www.ernstbrunn-apotheke.at\/katalog\/wp-json\/wp\/v2\/media\/79037"}],"wp:attachment":[{"href":"https:\/\/www.ernstbrunn-apotheke.at\/katalog\/wp-json\/wp\/v2\/media?parent=79035"}],"wp:term":[{"taxonomy":"product_brand","embeddable":true,"href":"https:\/\/www.ernstbrunn-apotheke.at\/katalog\/wp-json\/wp\/v2\/product_brand?post=79035"},{"taxonomy":"product_cat","embeddable":true,"href":"https:\/\/www.ernstbrunn-apotheke.at\/katalog\/wp-json\/wp\/v2\/product_cat?post=79035"},{"taxonomy":"product_tag","embeddable":true,"href":"https:\/\/www.ernstbrunn-apotheke.at\/katalog\/wp-json\/wp\/v2\/product_tag?post=79035"}],"curies":[{"name":"wp","href":"https:\/\/api.w.org\/{rel}","templated":true}]}}