{"id":79017,"date":"2025-11-11T22:27:35","date_gmt":"2025-11-11T21:27:35","guid":{"rendered":"https:\/\/www.ernstbrunn-apotheke.at\/katalog\/produkt\/ren-atlantic-kelp-magnesium-anti-fatigue-body-cream-200-ml\/"},"modified":"2025-12-08T19:03:25","modified_gmt":"2025-12-08T18:03:25","slug":"ren-atlantic-kelp-magnesium-anti-fatigue-body-cream-200-ml","status":"publish","type":"product","link":"https:\/\/www.ernstbrunn-apotheke.at\/katalog\/produkt\/ren-atlantic-kelp-magnesium-anti-fatigue-body-cream-200-ml\/","title":{"rendered":"Ren Atlantic Kelp Magnesium Anti-Fatigue Body Cream 200 ml"},"content":{"rendered":"<p>Genie\u00dfen Sie unsere ultra-energetisierende K\u00f6rpercreme, die mit nachhaltig gewonnenen, hautgl\u00e4ttenden und nachhaltigen Inhaltsstoffen gef\u00fcllt ist. Sie besteht aus recycletem Kunststoff mit einer neuen und verbesserten (wir haben zugeh\u00f6rt!) metallfreien Pumpe. Eine leicht einziehende K\u00f6rpercreme, die mit Atlantic Kelp Extract formuliert wurde, um die Haut zu n\u00e4hren, zu gl\u00e4tten und zu straffen, indem sie die Haut mit Feuchtigkeit und essentiellen Mineralien auff\u00fcllt. Das energetisierende Magnesium PCA und der Planktonextrakt helfen dabei, den Feuchtigkeitshaushalt der Haut wiederherzustellen und den nat\u00fcrlichen Zellerneuerungszyklus zu verbessern, w\u00e4hrend die Massagema\u00dfnahme die Muskelerm\u00fcdung lindert. Die exklusiven \u00e4therischen \u00d6le von REN Clean Skincare gegen Erm\u00fcdung st\u00e4rken die Sinne.<\/p>\n","protected":false},"excerpt":{"rendered":"<p>Genie\u00dfen Sie unsere ultra-energetisierende K\u00f6rpercreme, die mit nachhaltig gewonnenen, hautgl\u00e4ttenden und nachhaltigen Inhaltsstoffen gef\u00fcllt ist. Sie besteht aus recycletem Kunststoff mit einer neuen und verbesserten (wir haben zugeh\u00f6rt!) metallfreien Pumpe. Eine leicht einziehende K\u00f6rpercreme, die mit Atlantic Kelp Extract formuliert wurde, um die Haut zu n\u00e4hren, zu gl\u00e4tten und zu straffen, indem sie die Haut [&hellip;]<\/p>\n","protected":false},"featured_media":0,"template":"","meta":{"_acf_changed":false},"product_brand":[],"product_cat":[808],"product_tag":[],"class_list":{"0":"post-79017","1":"product","2":"type-product","3":"status-publish","5":"product_cat-r","6":"pa_packungsgroesse-200ml","8":"first","9":"instock","10":"shipping-taxable","11":"purchasable","12":"product-type-simple"},"acf":[],"_links":{"self":[{"href":"https:\/\/www.ernstbrunn-apotheke.at\/katalog\/wp-json\/wp\/v2\/product\/79017","targetHints":{"allow":["GET"]}}],"collection":[{"href":"https:\/\/www.ernstbrunn-apotheke.at\/katalog\/wp-json\/wp\/v2\/product"}],"about":[{"href":"https:\/\/www.ernstbrunn-apotheke.at\/katalog\/wp-json\/wp\/v2\/types\/product"}],"wp:attachment":[{"href":"https:\/\/www.ernstbrunn-apotheke.at\/katalog\/wp-json\/wp\/v2\/media?parent=79017"}],"wp:term":[{"taxonomy":"product_brand","embeddable":true,"href":"https:\/\/www.ernstbrunn-apotheke.at\/katalog\/wp-json\/wp\/v2\/product_brand?post=79017"},{"taxonomy":"product_cat","embeddable":true,"href":"https:\/\/www.ernstbrunn-apotheke.at\/katalog\/wp-json\/wp\/v2\/product_cat?post=79017"},{"taxonomy":"product_tag","embeddable":true,"href":"https:\/\/www.ernstbrunn-apotheke.at\/katalog\/wp-json\/wp\/v2\/product_tag?post=79017"}],"curies":[{"name":"wp","href":"https:\/\/api.w.org\/{rel}","templated":true}]}}