{"id":78989,"date":"2025-11-11T22:27:09","date_gmt":"2025-11-11T21:27:09","guid":{"rendered":"https:\/\/www.ernstbrunn-apotheke.at\/katalog\/produkt\/neutrogena-hydro-boost-aqua-gel-feuchtigkeitspflege-50-ml\/"},"modified":"2025-12-08T19:03:13","modified_gmt":"2025-12-08T18:03:13","slug":"neutrogena-hydro-boost-aqua-gel-feuchtigkeitspflege-50-ml","status":"publish","type":"product","link":"https:\/\/www.ernstbrunn-apotheke.at\/katalog\/produkt\/neutrogena-hydro-boost-aqua-gel-feuchtigkeitspflege-50-ml\/","title":{"rendered":"Neutrogena Hydro Boost Aqua Gel Feuchtigkeitspflege 50 ml"},"content":{"rendered":"<p>Das Neutrogena Hydro Boost Aqua Gel ist die ideale reichhaltige Gesichtspflege f\u00fcr normale und Mischhaut. Die \u00f6lfreie Formel mit Hyalurons\u00e4ure und Glycerin versorgt die Haut intensiv mit Feuchtigkeit, erh\u00e4lt die nat\u00fcrliche Hautbarriere aufrecht und f\u00fchrt zu einem langanhaltendem, sp\u00fcrbar geschmeidigem und erfrischtem Hautbild. Nach dem Auftragen zieht sie schnell ein, ohne einen klebrigen Film zu hinterlassen<\/p>\n","protected":false},"excerpt":{"rendered":"<p>Das Neutrogena Hydro Boost Aqua Gel ist die ideale reichhaltige Gesichtspflege f\u00fcr normale und Mischhaut. Die \u00f6lfreie Formel mit Hyalurons\u00e4ure und Glycerin versorgt die Haut intensiv mit Feuchtigkeit, erh\u00e4lt die nat\u00fcrliche Hautbarriere aufrecht und f\u00fchrt zu einem langanhaltendem, sp\u00fcrbar geschmeidigem und erfrischtem Hautbild. Nach dem Auftragen zieht sie schnell ein, ohne einen klebrigen Film zu [&hellip;]<\/p>\n","protected":false},"featured_media":78991,"template":"","meta":{"_acf_changed":false},"product_brand":[745],"product_cat":[797],"product_tag":[],"class_list":{"0":"post-78989","1":"product","2":"type-product","3":"status-publish","4":"has-post-thumbnail","6":"product_brand-neutrogena","7":"product_cat-n","8":"pa_packungsgroesse-50ml","10":"first","11":"instock","12":"shipping-taxable","13":"purchasable","14":"product-type-simple"},"acf":[],"_links":{"self":[{"href":"https:\/\/www.ernstbrunn-apotheke.at\/katalog\/wp-json\/wp\/v2\/product\/78989","targetHints":{"allow":["GET"]}}],"collection":[{"href":"https:\/\/www.ernstbrunn-apotheke.at\/katalog\/wp-json\/wp\/v2\/product"}],"about":[{"href":"https:\/\/www.ernstbrunn-apotheke.at\/katalog\/wp-json\/wp\/v2\/types\/product"}],"wp:featuredmedia":[{"embeddable":true,"href":"https:\/\/www.ernstbrunn-apotheke.at\/katalog\/wp-json\/wp\/v2\/media\/78991"}],"wp:attachment":[{"href":"https:\/\/www.ernstbrunn-apotheke.at\/katalog\/wp-json\/wp\/v2\/media?parent=78989"}],"wp:term":[{"taxonomy":"product_brand","embeddable":true,"href":"https:\/\/www.ernstbrunn-apotheke.at\/katalog\/wp-json\/wp\/v2\/product_brand?post=78989"},{"taxonomy":"product_cat","embeddable":true,"href":"https:\/\/www.ernstbrunn-apotheke.at\/katalog\/wp-json\/wp\/v2\/product_cat?post=78989"},{"taxonomy":"product_tag","embeddable":true,"href":"https:\/\/www.ernstbrunn-apotheke.at\/katalog\/wp-json\/wp\/v2\/product_tag?post=78989"}],"curies":[{"name":"wp","href":"https:\/\/api.w.org\/{rel}","templated":true}]}}