{"id":78929,"date":"2025-11-11T22:25:43","date_gmt":"2025-11-11T21:25:43","guid":{"rendered":"https:\/\/www.ernstbrunn-apotheke.at\/katalog\/produkt\/healing-herbs-impatiens-30-ml\/"},"modified":"2025-12-08T19:02:43","modified_gmt":"2025-12-08T18:02:43","slug":"healing-herbs-impatiens-30-ml","status":"publish","type":"product","link":"https:\/\/www.ernstbrunn-apotheke.at\/katalog\/produkt\/healing-herbs-impatiens-30-ml\/","title":{"rendered":"Healing Herbs Impatiens 30 ml"},"content":{"rendered":"<p>Healing Herbs Impatiens wird bei allen krankhaften St\u00f6rungen, die mit Unruhe oder Nervosit\u00e4t einhergehen oder davon ausgel\u00f6st wurden, eingesetzt. So wird das Produkt zur Basisbehandlung bei Getriebenheit, Unruhe, nerv\u00f6sem Temperament, nerv\u00f6ser Schlaflosigkeit sowie beschleunigtem Stoffwechsel angewendet.<\/p>\n","protected":false},"excerpt":{"rendered":"<p>Healing Herbs Impatiens wird bei allen krankhaften St\u00f6rungen, die mit Unruhe oder Nervosit\u00e4t einhergehen oder davon ausgel\u00f6st wurden, eingesetzt. So wird das Produkt zur Basisbehandlung bei Getriebenheit, Unruhe, nerv\u00f6sem Temperament, nerv\u00f6ser Schlaflosigkeit sowie beschleunigtem Stoffwechsel angewendet.<\/p>\n","protected":false},"featured_media":0,"template":"","meta":{"_acf_changed":false},"product_brand":[927],"product_cat":[805],"product_tag":[],"class_list":{"0":"post-78929","1":"product","2":"type-product","3":"status-publish","5":"product_brand-healing-herbs","6":"product_cat-h","7":"pa_packungsgroesse-30ml","9":"first","10":"instock","11":"shipping-taxable","12":"purchasable","13":"product-type-simple"},"acf":[],"_links":{"self":[{"href":"https:\/\/www.ernstbrunn-apotheke.at\/katalog\/wp-json\/wp\/v2\/product\/78929","targetHints":{"allow":["GET"]}}],"collection":[{"href":"https:\/\/www.ernstbrunn-apotheke.at\/katalog\/wp-json\/wp\/v2\/product"}],"about":[{"href":"https:\/\/www.ernstbrunn-apotheke.at\/katalog\/wp-json\/wp\/v2\/types\/product"}],"wp:attachment":[{"href":"https:\/\/www.ernstbrunn-apotheke.at\/katalog\/wp-json\/wp\/v2\/media?parent=78929"}],"wp:term":[{"taxonomy":"product_brand","embeddable":true,"href":"https:\/\/www.ernstbrunn-apotheke.at\/katalog\/wp-json\/wp\/v2\/product_brand?post=78929"},{"taxonomy":"product_cat","embeddable":true,"href":"https:\/\/www.ernstbrunn-apotheke.at\/katalog\/wp-json\/wp\/v2\/product_cat?post=78929"},{"taxonomy":"product_tag","embeddable":true,"href":"https:\/\/www.ernstbrunn-apotheke.at\/katalog\/wp-json\/wp\/v2\/product_tag?post=78929"}],"curies":[{"name":"wp","href":"https:\/\/api.w.org\/{rel}","templated":true}]}}