{"id":78921,"date":"2025-11-11T22:25:43","date_gmt":"2025-11-11T21:25:43","guid":{"rendered":"https:\/\/www.ernstbrunn-apotheke.at\/katalog\/produkt\/weleda-pflegeoel-10-ml-calendula\/"},"modified":"2025-12-08T19:02:38","modified_gmt":"2025-12-08T18:02:38","slug":"weleda-pflegeoel-10-ml-calendula","status":"publish","type":"product","link":"https:\/\/www.ernstbrunn-apotheke.at\/katalog\/produkt\/weleda-pflegeoel-10-ml-calendula\/","title":{"rendered":"Weleda Pflege\u00f6l 10 ml Calendula"},"content":{"rendered":"<p>Weleda Pflege\u00f6l Calendula mit zartem Duft pflegt und verw\u00f6hnt die empfindliche Haut der Kleinen ganz nat\u00fcrlich. Wertvolles Mandel\u00f6l h\u00e4lt die Haut weich und geschmeidig und sch\u00fctzt vor dem Austrocknen<\/p>\n","protected":false},"excerpt":{"rendered":"<p>Weleda Pflege\u00f6l Calendula mit zartem Duft pflegt und verw\u00f6hnt die empfindliche Haut der Kleinen ganz nat\u00fcrlich. Wertvolles Mandel\u00f6l h\u00e4lt die Haut weich und geschmeidig und sch\u00fctzt vor dem Austrocknen<\/p>\n","protected":false},"featured_media":78923,"template":"","meta":{"_acf_changed":false},"product_brand":[567],"product_cat":[796],"product_tag":[],"class_list":{"0":"post-78921","1":"product","2":"type-product","3":"status-publish","4":"has-post-thumbnail","6":"product_brand-weleda","7":"product_cat-w","8":"pa_packungsgroesse-10ml","10":"first","11":"instock","12":"shipping-taxable","13":"purchasable","14":"product-type-simple"},"acf":[],"_links":{"self":[{"href":"https:\/\/www.ernstbrunn-apotheke.at\/katalog\/wp-json\/wp\/v2\/product\/78921","targetHints":{"allow":["GET"]}}],"collection":[{"href":"https:\/\/www.ernstbrunn-apotheke.at\/katalog\/wp-json\/wp\/v2\/product"}],"about":[{"href":"https:\/\/www.ernstbrunn-apotheke.at\/katalog\/wp-json\/wp\/v2\/types\/product"}],"wp:featuredmedia":[{"embeddable":true,"href":"https:\/\/www.ernstbrunn-apotheke.at\/katalog\/wp-json\/wp\/v2\/media\/78923"}],"wp:attachment":[{"href":"https:\/\/www.ernstbrunn-apotheke.at\/katalog\/wp-json\/wp\/v2\/media?parent=78921"}],"wp:term":[{"taxonomy":"product_brand","embeddable":true,"href":"https:\/\/www.ernstbrunn-apotheke.at\/katalog\/wp-json\/wp\/v2\/product_brand?post=78921"},{"taxonomy":"product_cat","embeddable":true,"href":"https:\/\/www.ernstbrunn-apotheke.at\/katalog\/wp-json\/wp\/v2\/product_cat?post=78921"},{"taxonomy":"product_tag","embeddable":true,"href":"https:\/\/www.ernstbrunn-apotheke.at\/katalog\/wp-json\/wp\/v2\/product_tag?post=78921"}],"curies":[{"name":"wp","href":"https:\/\/api.w.org\/{rel}","templated":true}]}}