{"id":78878,"date":"2025-11-11T22:24:43","date_gmt":"2025-11-11T21:24:43","guid":{"rendered":"https:\/\/www.ernstbrunn-apotheke.at\/katalog\/produkt\/dynamis-aegyptisches-schwarzkuemmel-oel-kapseln-500-p-3-x-60-stk\/"},"modified":"2025-12-08T19:02:26","modified_gmt":"2025-12-08T18:02:26","slug":"dynamis-aegyptisches-schwarzkuemmel-oel-kapseln-500-p-3-x-60-stk","status":"publish","type":"product","link":"https:\/\/www.ernstbrunn-apotheke.at\/katalog\/produkt\/dynamis-aegyptisches-schwarzkuemmel-oel-kapseln-500-p-3-x-60-stk\/","title":{"rendered":"Dynamis \u00c4gyptisches Schwarzk\u00fcmmel \u00d6l Kapseln 500 P 3 x 60 Stk."},"content":{"rendered":"<p>Dynamis \u00c4gyptisches Schwarzk\u00fcmmel \u00d6l Kapseln 500 P sind Weichgelatine-Kapseln, welche ein schonend verarbeitetes, qualit\u00e4ts- und r\u00fcckstandsgepr\u00fcfte Bio-Schwarzk\u00fcmmel\u00f6l enthalten. Das \u00d6l stammt aus kontrolliert biologischem Anbau in \u00c4gypten und wird durch schonende Pressung aus den sonnengereiften Samen des \u00c4gyptischen Bio-Schwarzk\u00fcmmel &#8222;Nigella sativa&#8220; schonend gewonnen. Dieses Produkt ist in den Packungsgr\u00f6\u00dfen 60, 120 und 180 St\u00fcck erh\u00e4ltlich.<\/p>\n","protected":false},"excerpt":{"rendered":"<p>Dynamis \u00c4gyptisches Schwarzk\u00fcmmel \u00d6l Kapseln 500 P sind Weichgelatine-Kapseln, welche ein schonend verarbeitetes, qualit\u00e4ts- und r\u00fcckstandsgepr\u00fcfte Bio-Schwarzk\u00fcmmel\u00f6l enthalten. Das \u00d6l stammt aus kontrolliert biologischem Anbau in \u00c4gypten und wird durch schonende Pressung aus den sonnengereiften Samen des \u00c4gyptischen Bio-Schwarzk\u00fcmmel &#8222;Nigella sativa&#8220; schonend gewonnen. Dieses Produkt ist in den Packungsgr\u00f6\u00dfen 60, 120 und 180 St\u00fcck erh\u00e4ltlich.<\/p>\n","protected":false},"featured_media":78880,"template":"","meta":{"_acf_changed":false},"product_brand":[],"product_cat":[792],"product_tag":[],"class_list":{"0":"post-78878","1":"product","2":"type-product","3":"status-publish","4":"has-post-thumbnail","6":"product_cat-d","7":"pa_packungsgroesse-180-stueck","9":"first","10":"instock","11":"shipping-taxable","12":"purchasable","13":"product-type-simple"},"acf":[],"_links":{"self":[{"href":"https:\/\/www.ernstbrunn-apotheke.at\/katalog\/wp-json\/wp\/v2\/product\/78878","targetHints":{"allow":["GET"]}}],"collection":[{"href":"https:\/\/www.ernstbrunn-apotheke.at\/katalog\/wp-json\/wp\/v2\/product"}],"about":[{"href":"https:\/\/www.ernstbrunn-apotheke.at\/katalog\/wp-json\/wp\/v2\/types\/product"}],"wp:featuredmedia":[{"embeddable":true,"href":"https:\/\/www.ernstbrunn-apotheke.at\/katalog\/wp-json\/wp\/v2\/media\/78880"}],"wp:attachment":[{"href":"https:\/\/www.ernstbrunn-apotheke.at\/katalog\/wp-json\/wp\/v2\/media?parent=78878"}],"wp:term":[{"taxonomy":"product_brand","embeddable":true,"href":"https:\/\/www.ernstbrunn-apotheke.at\/katalog\/wp-json\/wp\/v2\/product_brand?post=78878"},{"taxonomy":"product_cat","embeddable":true,"href":"https:\/\/www.ernstbrunn-apotheke.at\/katalog\/wp-json\/wp\/v2\/product_cat?post=78878"},{"taxonomy":"product_tag","embeddable":true,"href":"https:\/\/www.ernstbrunn-apotheke.at\/katalog\/wp-json\/wp\/v2\/product_tag?post=78878"}],"curies":[{"name":"wp","href":"https:\/\/api.w.org\/{rel}","templated":true}]}}