{"id":7886,"date":"2025-11-07T13:32:35","date_gmt":"2025-11-07T12:32:35","guid":{"rendered":"https:\/\/www.ernstbrunn-apotheke.at\/katalog\/produkt\/gebro-euceta-kuehlgel-mit-essigsaurer-tonerde-gegen-juckreiz\/"},"modified":"2025-12-08T13:24:34","modified_gmt":"2025-12-08T12:24:34","slug":"gebro-euceta-kuehlgel-mit-essigsaurer-tonerde-gegen-juckreiz","status":"publish","type":"product","link":"https:\/\/www.ernstbrunn-apotheke.at\/katalog\/produkt\/gebro-euceta-kuehlgel-mit-essigsaurer-tonerde-gegen-juckreiz\/","title":{"rendered":"Gebro EUCETA K\u00dcHLGEL &#8211; mit essigsaurer Tonerde gegen Juckreiz"},"content":{"rendered":"<p>euceta K\u00fchlgel, k\u00fchlt und beruhigt geschwollene und ger\u00f6tete Haut. Das fettfreie, k\u00fchlende Gel unterst\u00fctzt die K\u00fchlung und Pflege nach Sonnenbrand, Insektenstichen und Hautreizungen. euceta ist f\u00fcr jede Altersgruppe geeignet.<\/p>\n","protected":false},"excerpt":{"rendered":"<p>euceta K\u00fchlgel, k\u00fchlt und beruhigt geschwollene und ger\u00f6tete Haut. Das fettfreie, k\u00fchlende Gel unterst\u00fctzt die K\u00fchlung und Pflege nach Sonnenbrand, Insektenstichen und Hautreizungen. euceta ist f\u00fcr jede Altersgruppe geeignet.<\/p>\n","protected":false},"featured_media":7888,"template":"","meta":{"_acf_changed":false},"product_brand":[],"product_cat":[810],"product_tag":[],"class_list":{"0":"post-7886","1":"product","2":"type-product","3":"status-publish","4":"has-post-thumbnail","6":"product_cat-g","7":"pa_packungsgroesse-50g","9":"first","10":"instock","11":"shipping-taxable","12":"purchasable","13":"product-type-simple"},"acf":[],"_links":{"self":[{"href":"https:\/\/www.ernstbrunn-apotheke.at\/katalog\/wp-json\/wp\/v2\/product\/7886","targetHints":{"allow":["GET"]}}],"collection":[{"href":"https:\/\/www.ernstbrunn-apotheke.at\/katalog\/wp-json\/wp\/v2\/product"}],"about":[{"href":"https:\/\/www.ernstbrunn-apotheke.at\/katalog\/wp-json\/wp\/v2\/types\/product"}],"wp:featuredmedia":[{"embeddable":true,"href":"https:\/\/www.ernstbrunn-apotheke.at\/katalog\/wp-json\/wp\/v2\/media\/7888"}],"wp:attachment":[{"href":"https:\/\/www.ernstbrunn-apotheke.at\/katalog\/wp-json\/wp\/v2\/media?parent=7886"}],"wp:term":[{"taxonomy":"product_brand","embeddable":true,"href":"https:\/\/www.ernstbrunn-apotheke.at\/katalog\/wp-json\/wp\/v2\/product_brand?post=7886"},{"taxonomy":"product_cat","embeddable":true,"href":"https:\/\/www.ernstbrunn-apotheke.at\/katalog\/wp-json\/wp\/v2\/product_cat?post=7886"},{"taxonomy":"product_tag","embeddable":true,"href":"https:\/\/www.ernstbrunn-apotheke.at\/katalog\/wp-json\/wp\/v2\/product_tag?post=7886"}],"curies":[{"name":"wp","href":"https:\/\/api.w.org\/{rel}","templated":true}]}}