{"id":78856,"date":"2025-11-11T22:24:43","date_gmt":"2025-11-11T21:24:43","guid":{"rendered":"https:\/\/www.ernstbrunn-apotheke.at\/katalog\/produkt\/junek-melatonin-3-mg-kapseln-60-stk\/"},"modified":"2025-12-08T19:02:21","modified_gmt":"2025-12-08T18:02:21","slug":"junek-melatonin-3-mg-kapseln-60-stk","status":"publish","type":"product","link":"https:\/\/www.ernstbrunn-apotheke.at\/katalog\/produkt\/junek-melatonin-3-mg-kapseln-60-stk\/","title":{"rendered":"Junek Melatonin 3 mg Kapseln 60 Stk."},"content":{"rendered":"<p>Melatonin 3 mg Junek Kapseln enthalten 3 mg Melatonin in einer Hartgelatinekapsel.Melatonin Junek Kapseln sind ein di\u00e4tetisches Lebensmittel f\u00fcr besondere medizinische Zwecke zur Behandlung von Jetlag. Melatonin tr\u00e4gt zur Linderung der subjektiven Jetlag-Empfindung bei und hilft, den circadianen Rhythmus zu regulieren.<\/p>\n","protected":false},"excerpt":{"rendered":"<p>Melatonin 3 mg Junek Kapseln enthalten 3 mg Melatonin in einer Hartgelatinekapsel.Melatonin Junek Kapseln sind ein di\u00e4tetisches Lebensmittel f\u00fcr besondere medizinische Zwecke zur Behandlung von Jetlag. Melatonin tr\u00e4gt zur Linderung der subjektiven Jetlag-Empfindung bei und hilft, den circadianen Rhythmus zu regulieren.<\/p>\n","protected":false},"featured_media":78858,"template":"","meta":{"_acf_changed":false},"product_brand":[],"product_cat":[947],"product_tag":[],"class_list":{"0":"post-78856","1":"product","2":"type-product","3":"status-publish","4":"has-post-thumbnail","6":"product_cat-j","7":"pa_packungsgroesse-60-stueck","9":"first","10":"instock","11":"shipping-taxable","12":"purchasable","13":"product-type-simple"},"acf":[],"_links":{"self":[{"href":"https:\/\/www.ernstbrunn-apotheke.at\/katalog\/wp-json\/wp\/v2\/product\/78856","targetHints":{"allow":["GET"]}}],"collection":[{"href":"https:\/\/www.ernstbrunn-apotheke.at\/katalog\/wp-json\/wp\/v2\/product"}],"about":[{"href":"https:\/\/www.ernstbrunn-apotheke.at\/katalog\/wp-json\/wp\/v2\/types\/product"}],"wp:featuredmedia":[{"embeddable":true,"href":"https:\/\/www.ernstbrunn-apotheke.at\/katalog\/wp-json\/wp\/v2\/media\/78858"}],"wp:attachment":[{"href":"https:\/\/www.ernstbrunn-apotheke.at\/katalog\/wp-json\/wp\/v2\/media?parent=78856"}],"wp:term":[{"taxonomy":"product_brand","embeddable":true,"href":"https:\/\/www.ernstbrunn-apotheke.at\/katalog\/wp-json\/wp\/v2\/product_brand?post=78856"},{"taxonomy":"product_cat","embeddable":true,"href":"https:\/\/www.ernstbrunn-apotheke.at\/katalog\/wp-json\/wp\/v2\/product_cat?post=78856"},{"taxonomy":"product_tag","embeddable":true,"href":"https:\/\/www.ernstbrunn-apotheke.at\/katalog\/wp-json\/wp\/v2\/product_tag?post=78856"}],"curies":[{"name":"wp","href":"https:\/\/api.w.org\/{rel}","templated":true}]}}