{"id":78845,"date":"2025-11-11T22:24:43","date_gmt":"2025-11-11T21:24:43","guid":{"rendered":"https:\/\/www.ernstbrunn-apotheke.at\/katalog\/produkt\/madara-colour-and-shine-conditioner-200-ml\/"},"modified":"2025-12-08T19:02:15","modified_gmt":"2025-12-08T18:02:15","slug":"madara-colour-and-shine-conditioner-200-ml","status":"publish","type":"product","link":"https:\/\/www.ernstbrunn-apotheke.at\/katalog\/produkt\/madara-colour-and-shine-conditioner-200-ml\/","title":{"rendered":"Madara Colour and Shine Conditioner 200 ml"},"content":{"rendered":"<p>Madara Colour and Shine Conditioner wirkt farbsch\u00fctzend mit Nordischen Leinsamen, Rosskastanie und Wegerich. Er n\u00e4hrt und sch\u00fctzt tiefenwirksam beanspruchtes und coloriertes Haar, gl\u00e4ttet die Haarstruktur und bewahrt die Farbintensit\u00e4t. Das Haar wird gl\u00e4nzend, geschmeidig und l\u00e4sst sich leichter stylen.<\/p>\n","protected":false},"excerpt":{"rendered":"<p>Madara Colour and Shine Conditioner wirkt farbsch\u00fctzend mit Nordischen Leinsamen, Rosskastanie und Wegerich. Er n\u00e4hrt und sch\u00fctzt tiefenwirksam beanspruchtes und coloriertes Haar, gl\u00e4ttet die Haarstruktur und bewahrt die Farbintensit\u00e4t. Das Haar wird gl\u00e4nzend, geschmeidig und l\u00e4sst sich leichter stylen.<\/p>\n","protected":false},"featured_media":78847,"template":"","meta":{"_acf_changed":false},"product_brand":[1253],"product_cat":[800],"product_tag":[],"class_list":{"0":"post-78845","1":"product","2":"type-product","3":"status-publish","4":"has-post-thumbnail","6":"product_brand-madara","7":"product_cat-m","8":"pa_packungsgroesse-200ml","10":"first","11":"instock","12":"shipping-taxable","13":"purchasable","14":"product-type-simple"},"acf":[],"_links":{"self":[{"href":"https:\/\/www.ernstbrunn-apotheke.at\/katalog\/wp-json\/wp\/v2\/product\/78845","targetHints":{"allow":["GET"]}}],"collection":[{"href":"https:\/\/www.ernstbrunn-apotheke.at\/katalog\/wp-json\/wp\/v2\/product"}],"about":[{"href":"https:\/\/www.ernstbrunn-apotheke.at\/katalog\/wp-json\/wp\/v2\/types\/product"}],"wp:featuredmedia":[{"embeddable":true,"href":"https:\/\/www.ernstbrunn-apotheke.at\/katalog\/wp-json\/wp\/v2\/media\/78847"}],"wp:attachment":[{"href":"https:\/\/www.ernstbrunn-apotheke.at\/katalog\/wp-json\/wp\/v2\/media?parent=78845"}],"wp:term":[{"taxonomy":"product_brand","embeddable":true,"href":"https:\/\/www.ernstbrunn-apotheke.at\/katalog\/wp-json\/wp\/v2\/product_brand?post=78845"},{"taxonomy":"product_cat","embeddable":true,"href":"https:\/\/www.ernstbrunn-apotheke.at\/katalog\/wp-json\/wp\/v2\/product_cat?post=78845"},{"taxonomy":"product_tag","embeddable":true,"href":"https:\/\/www.ernstbrunn-apotheke.at\/katalog\/wp-json\/wp\/v2\/product_tag?post=78845"}],"curies":[{"name":"wp","href":"https:\/\/api.w.org\/{rel}","templated":true}]}}