{"id":78782,"date":"2025-11-11T22:23:18","date_gmt":"2025-11-11T21:23:18","guid":{"rendered":"https:\/\/www.ernstbrunn-apotheke.at\/katalog\/produkt\/abtei-zink-naehrstoff-kapseln\/"},"modified":"2025-12-08T19:01:48","modified_gmt":"2025-12-08T18:01:48","slug":"abtei-zink-naehrstoff-kapseln","status":"publish","type":"product","link":"https:\/\/www.ernstbrunn-apotheke.at\/katalog\/produkt\/abtei-zink-naehrstoff-kapseln\/","title":{"rendered":"Abtei Zink N\u00e4hrstoff Kapseln"},"content":{"rendered":"<p>Abtei Zink N\u00e4hrstoff Kapseln tragen zum Erhalt gesunder Haut, Haare und N\u00e4gel bei. Biotin unterst\u00fctzt den Erhalt gesunder Haut und Haare. Die Inhaltsstoffe Niacin und Vitamin B2 unterst\u00fctzen den Erhalt gesunder Haut.<\/p>\n","protected":false},"excerpt":{"rendered":"<p>Abtei Zink N\u00e4hrstoff Kapseln tragen zum Erhalt gesunder Haut, Haare und N\u00e4gel bei. Biotin unterst\u00fctzt den Erhalt gesunder Haut und Haare. Die Inhaltsstoffe Niacin und Vitamin B2 unterst\u00fctzen den Erhalt gesunder Haut.<\/p>\n","protected":false},"featured_media":78784,"template":"","meta":{"_acf_changed":false},"product_brand":[484],"product_cat":[801],"product_tag":[],"class_list":{"0":"post-78782","1":"product","2":"type-product","3":"status-publish","4":"has-post-thumbnail","6":"product_brand-abtei","7":"product_cat-a","8":"pa_packungsgroesse-32-stueck","10":"first","11":"instock","12":"shipping-taxable","13":"purchasable","14":"product-type-simple"},"acf":[],"_links":{"self":[{"href":"https:\/\/www.ernstbrunn-apotheke.at\/katalog\/wp-json\/wp\/v2\/product\/78782","targetHints":{"allow":["GET"]}}],"collection":[{"href":"https:\/\/www.ernstbrunn-apotheke.at\/katalog\/wp-json\/wp\/v2\/product"}],"about":[{"href":"https:\/\/www.ernstbrunn-apotheke.at\/katalog\/wp-json\/wp\/v2\/types\/product"}],"wp:featuredmedia":[{"embeddable":true,"href":"https:\/\/www.ernstbrunn-apotheke.at\/katalog\/wp-json\/wp\/v2\/media\/78784"}],"wp:attachment":[{"href":"https:\/\/www.ernstbrunn-apotheke.at\/katalog\/wp-json\/wp\/v2\/media?parent=78782"}],"wp:term":[{"taxonomy":"product_brand","embeddable":true,"href":"https:\/\/www.ernstbrunn-apotheke.at\/katalog\/wp-json\/wp\/v2\/product_brand?post=78782"},{"taxonomy":"product_cat","embeddable":true,"href":"https:\/\/www.ernstbrunn-apotheke.at\/katalog\/wp-json\/wp\/v2\/product_cat?post=78782"},{"taxonomy":"product_tag","embeddable":true,"href":"https:\/\/www.ernstbrunn-apotheke.at\/katalog\/wp-json\/wp\/v2\/product_tag?post=78782"}],"curies":[{"name":"wp","href":"https:\/\/api.w.org\/{rel}","templated":true}]}}