{"id":78721,"date":"2025-11-11T22:21:36","date_gmt":"2025-11-11T21:21:36","guid":{"rendered":"https:\/\/www.ernstbrunn-apotheke.at\/katalog\/produkt\/kneipp-aroma-pflegeschaumbad-zeit-fuer-traeume-400-ml\/"},"modified":"2025-12-08T19:01:22","modified_gmt":"2025-12-08T18:01:22","slug":"kneipp-aroma-pflegeschaumbad-zeit-fuer-traeume-400-ml","status":"publish","type":"product","link":"https:\/\/www.ernstbrunn-apotheke.at\/katalog\/produkt\/kneipp-aroma-pflegeschaumbad-zeit-fuer-traeume-400-ml\/","title":{"rendered":"Kneipp Aroma Pflegeschaumbad Zeit f\u00fcr Tr\u00e4ume 400 ml"},"content":{"rendered":"<p>Kneipp Aroma Pflegeschaumbad Zeit f\u00fcr Tr\u00e4ume 400 ml mit nat\u00fcrlichem \u00e4therischem Lavendel\u00f6l und Vanilleextrakt entfaltet einen sanft harmonisierenden Duft, der Sie zum Tr\u00e4umen verf\u00fchrt und auf eine erholsame Nachtruhe einstimmt. R\u00fcckfettendes Abendblumen\u00f6l sch\u00fctzt die Haut vor dem Austrocknen. Das Zusammenspiel von beruhigendem Duft, intensiver Farbe und langanhaltendem Schaum macht dieses Bad zu einem ganzheitlichen Erlebnis f\u00fcr alle Sinne<\/p>\n","protected":false},"excerpt":{"rendered":"<p>Kneipp Aroma Pflegeschaumbad Zeit f\u00fcr Tr\u00e4ume 400 ml mit nat\u00fcrlichem \u00e4therischem Lavendel\u00f6l und Vanilleextrakt entfaltet einen sanft harmonisierenden Duft, der Sie zum Tr\u00e4umen verf\u00fchrt und auf eine erholsame Nachtruhe einstimmt. R\u00fcckfettendes Abendblumen\u00f6l sch\u00fctzt die Haut vor dem Austrocknen. Das Zusammenspiel von beruhigendem Duft, intensiver Farbe und langanhaltendem Schaum macht dieses Bad zu einem ganzheitlichen Erlebnis [&hellip;]<\/p>\n","protected":false},"featured_media":78723,"template":"","meta":{"_acf_changed":false},"product_brand":[662],"product_cat":[807],"product_tag":[],"class_list":{"0":"post-78721","1":"product","2":"type-product","3":"status-publish","4":"has-post-thumbnail","6":"product_brand-kneipp","7":"product_cat-k","8":"pa_packungsgroesse-400ml","10":"first","11":"instock","12":"shipping-taxable","13":"purchasable","14":"product-type-simple"},"acf":[],"_links":{"self":[{"href":"https:\/\/www.ernstbrunn-apotheke.at\/katalog\/wp-json\/wp\/v2\/product\/78721","targetHints":{"allow":["GET"]}}],"collection":[{"href":"https:\/\/www.ernstbrunn-apotheke.at\/katalog\/wp-json\/wp\/v2\/product"}],"about":[{"href":"https:\/\/www.ernstbrunn-apotheke.at\/katalog\/wp-json\/wp\/v2\/types\/product"}],"wp:featuredmedia":[{"embeddable":true,"href":"https:\/\/www.ernstbrunn-apotheke.at\/katalog\/wp-json\/wp\/v2\/media\/78723"}],"wp:attachment":[{"href":"https:\/\/www.ernstbrunn-apotheke.at\/katalog\/wp-json\/wp\/v2\/media?parent=78721"}],"wp:term":[{"taxonomy":"product_brand","embeddable":true,"href":"https:\/\/www.ernstbrunn-apotheke.at\/katalog\/wp-json\/wp\/v2\/product_brand?post=78721"},{"taxonomy":"product_cat","embeddable":true,"href":"https:\/\/www.ernstbrunn-apotheke.at\/katalog\/wp-json\/wp\/v2\/product_cat?post=78721"},{"taxonomy":"product_tag","embeddable":true,"href":"https:\/\/www.ernstbrunn-apotheke.at\/katalog\/wp-json\/wp\/v2\/product_tag?post=78721"}],"curies":[{"name":"wp","href":"https:\/\/api.w.org\/{rel}","templated":true}]}}