{"id":78657,"date":"2025-11-11T22:20:51","date_gmt":"2025-11-11T21:20:51","guid":{"rendered":"https:\/\/www.ernstbrunn-apotheke.at\/katalog\/produkt\/yamswurzel-dhea-25-mg-kapseln-60-stk\/"},"modified":"2025-12-08T19:01:03","modified_gmt":"2025-12-08T18:01:03","slug":"yamswurzel-dhea-25-mg-kapseln-60-stk","status":"publish","type":"product","link":"https:\/\/www.ernstbrunn-apotheke.at\/katalog\/produkt\/yamswurzel-dhea-25-mg-kapseln-60-stk\/","title":{"rendered":"Yamswurzel + DHEA 25 mg Kapseln 60 Stk."},"content":{"rendered":"<p>Die Yamswurzel ist eine wichtige st\u00e4rkereiche Kulturpflanze und hat in manchen L\u00e4ndern gro\u00dfe Bedeutung f\u00fcr die Ern\u00e4hrung. Au\u00dferdem sind sie eine wertvolle Quelle f\u00fcr Steroid-Verbindungen aus denen Nebennierenrindenhormone hergestellt werden k\u00f6nnen.Die Yamswurzel enth\u00e4lt Steroid-Sapogenine (Diosgenin), Alkaloide, Harz und Gerbstoffe in wechselnden Mengen. Interesse erzielte die Yamswurzel vor allem durch ihren Gehalt an Diosgenin, einem Phytosterin, das in der Struktur den Steroidhormonen DHEA und Progesteron sehr \u00e4hnlich ist.Dem Diosgenin, welches in gro\u00dfen Mengen in der Yamswurzel enthalten ist, werden positive Effekte auf die Knochenstabilit\u00e4t und die Hautalterung im Klimakterium nachgesagt. Die Einnahme von Yamswurzel nach der Menopause verbessert sowohl den Status der Sexualhormone, Antioxidantien und Lipide und hilft somit Problemen im Herz-Kreislaufsystem vorzubeugen.DHEA (Dehydroepiandrosteron) ist das am h\u00e4ufigsten vorkommende Steroidhormon im menschlichen K\u00f6rper. Es wird in den Nebennierenrinden und den Ovarien aus Cholesterin gebildet und ist eine Vorstufe der Sexualhormone Testosteron und \u00d6strogen. Die physiologische Produktion von DHEA erreicht in der Pubert\u00e4t ihr Maximum und f\u00e4llt dann kontinuierlich ab, bis im reiferen Alter nur noch geringe Mengen \u00fcber den Blutspiegel messbar sind. Der nat\u00fcrliche Gegenspieler des DHEA, das Cortisol, wird in gleicher Konzentration bis zum Lebensende gebildet. Daraus entsteht mit fortschreitendem Alter ein Ungleichgewicht der beiden Hormone zueinander. Diese Dysbalance kann die Alterungsvorg\u00e4nge wesentlich beeinflussen.K\u00f6rpereigenes DHEA ist in der Lage den alternden Organismus zu regenerieren, ihn mit Energie zu versorgen und das physische und psychische Wohlbefinden zu f\u00f6rdern..<\/p>\n","protected":false},"excerpt":{"rendered":"<p>Die Yamswurzel ist eine wichtige st\u00e4rkereiche Kulturpflanze und hat in manchen L\u00e4ndern gro\u00dfe Bedeutung f\u00fcr die Ern\u00e4hrung. Au\u00dferdem sind sie eine wertvolle Quelle f\u00fcr Steroid-Verbindungen aus denen Nebennierenrindenhormone hergestellt werden k\u00f6nnen.Die Yamswurzel enth\u00e4lt Steroid-Sapogenine (Diosgenin), Alkaloide, Harz und Gerbstoffe in wechselnden Mengen. Interesse erzielte die Yamswurzel vor allem durch ihren Gehalt an Diosgenin, einem Phytosterin, [&hellip;]<\/p>\n","protected":false},"featured_media":78659,"template":"","meta":{"_acf_changed":false},"product_brand":[371],"product_cat":[835],"product_tag":[],"class_list":{"0":"post-78657","1":"product","2":"type-product","3":"status-publish","4":"has-post-thumbnail","6":"product_brand-gall-pharma","7":"product_cat-y","8":"pa_packungsgroesse-60-stueck","10":"first","11":"instock","12":"shipping-taxable","13":"purchasable","14":"product-type-simple"},"acf":[],"_links":{"self":[{"href":"https:\/\/www.ernstbrunn-apotheke.at\/katalog\/wp-json\/wp\/v2\/product\/78657","targetHints":{"allow":["GET"]}}],"collection":[{"href":"https:\/\/www.ernstbrunn-apotheke.at\/katalog\/wp-json\/wp\/v2\/product"}],"about":[{"href":"https:\/\/www.ernstbrunn-apotheke.at\/katalog\/wp-json\/wp\/v2\/types\/product"}],"wp:featuredmedia":[{"embeddable":true,"href":"https:\/\/www.ernstbrunn-apotheke.at\/katalog\/wp-json\/wp\/v2\/media\/78659"}],"wp:attachment":[{"href":"https:\/\/www.ernstbrunn-apotheke.at\/katalog\/wp-json\/wp\/v2\/media?parent=78657"}],"wp:term":[{"taxonomy":"product_brand","embeddable":true,"href":"https:\/\/www.ernstbrunn-apotheke.at\/katalog\/wp-json\/wp\/v2\/product_brand?post=78657"},{"taxonomy":"product_cat","embeddable":true,"href":"https:\/\/www.ernstbrunn-apotheke.at\/katalog\/wp-json\/wp\/v2\/product_cat?post=78657"},{"taxonomy":"product_tag","embeddable":true,"href":"https:\/\/www.ernstbrunn-apotheke.at\/katalog\/wp-json\/wp\/v2\/product_tag?post=78657"}],"curies":[{"name":"wp","href":"https:\/\/api.w.org\/{rel}","templated":true}]}}