{"id":78647,"date":"2025-11-11T22:20:51","date_gmt":"2025-11-11T21:20:51","guid":{"rendered":"https:\/\/www.ernstbrunn-apotheke.at\/katalog\/produkt\/ensbona-teufelssalbe-eis-100-ml-tube\/"},"modified":"2025-12-08T19:00:56","modified_gmt":"2025-12-08T18:00:56","slug":"ensbona-teufelssalbe-eis-100-ml-tube","status":"publish","type":"product","link":"https:\/\/www.ernstbrunn-apotheke.at\/katalog\/produkt\/ensbona-teufelssalbe-eis-100-ml-tube\/","title":{"rendered":"Ensbona Teufelssalbe Eis 100 ml Tube"},"content":{"rendered":"<p>Ensbona Teufelssalbe Eis 100 ml Tube ist ein intensiv k\u00fchlendes Pflegegel das regeneriert. Aloe Vera spendet zus\u00e4tzliche Feuchtigkeit, D-Panthenol wirkt juckreizstillend. Das Gel n\u00fctzt die nat\u00fcrliche Kraft der Teufelskralle und eine spezielle Menthol-Minz\u00f6l Formulierung &#8211; jetzt stark preisreduziert bestellen!<\/p>\n","protected":false},"excerpt":{"rendered":"<p>Ensbona Teufelssalbe Eis 100 ml Tube ist ein intensiv k\u00fchlendes Pflegegel das regeneriert. Aloe Vera spendet zus\u00e4tzliche Feuchtigkeit, D-Panthenol wirkt juckreizstillend. Das Gel n\u00fctzt die nat\u00fcrliche Kraft der Teufelskralle und eine spezielle Menthol-Minz\u00f6l Formulierung &#8211; jetzt stark preisreduziert bestellen!<\/p>\n","protected":false},"featured_media":78649,"template":"","meta":{"_acf_changed":false},"product_brand":[],"product_cat":[794],"product_tag":[],"class_list":{"0":"post-78647","1":"product","2":"type-product","3":"status-publish","4":"has-post-thumbnail","6":"product_cat-e","7":"pa_farbe-blau","8":"pa_packungsgroesse-100ml","10":"first","11":"instock","12":"shipping-taxable","13":"purchasable","14":"product-type-simple"},"acf":[],"_links":{"self":[{"href":"https:\/\/www.ernstbrunn-apotheke.at\/katalog\/wp-json\/wp\/v2\/product\/78647","targetHints":{"allow":["GET"]}}],"collection":[{"href":"https:\/\/www.ernstbrunn-apotheke.at\/katalog\/wp-json\/wp\/v2\/product"}],"about":[{"href":"https:\/\/www.ernstbrunn-apotheke.at\/katalog\/wp-json\/wp\/v2\/types\/product"}],"wp:featuredmedia":[{"embeddable":true,"href":"https:\/\/www.ernstbrunn-apotheke.at\/katalog\/wp-json\/wp\/v2\/media\/78649"}],"wp:attachment":[{"href":"https:\/\/www.ernstbrunn-apotheke.at\/katalog\/wp-json\/wp\/v2\/media?parent=78647"}],"wp:term":[{"taxonomy":"product_brand","embeddable":true,"href":"https:\/\/www.ernstbrunn-apotheke.at\/katalog\/wp-json\/wp\/v2\/product_brand?post=78647"},{"taxonomy":"product_cat","embeddable":true,"href":"https:\/\/www.ernstbrunn-apotheke.at\/katalog\/wp-json\/wp\/v2\/product_cat?post=78647"},{"taxonomy":"product_tag","embeddable":true,"href":"https:\/\/www.ernstbrunn-apotheke.at\/katalog\/wp-json\/wp\/v2\/product_tag?post=78647"}],"curies":[{"name":"wp","href":"https:\/\/api.w.org\/{rel}","templated":true}]}}