{"id":78643,"date":"2025-11-11T22:20:00","date_gmt":"2025-11-11T21:20:00","guid":{"rendered":"https:\/\/www.ernstbrunn-apotheke.at\/katalog\/produkt\/zeinpharma-hyaluronsaeure-100-kapseln-120-stk\/"},"modified":"2025-12-08T19:00:55","modified_gmt":"2025-12-08T18:00:55","slug":"zeinpharma-hyaluronsaeure-100-kapseln-120-stk","status":"publish","type":"product","link":"https:\/\/www.ernstbrunn-apotheke.at\/katalog\/produkt\/zeinpharma-hyaluronsaeure-100-kapseln-120-stk\/","title":{"rendered":"ZeinPharma Hyalurons\u00e4ure 100% Kapseln 120 Stk."},"content":{"rendered":"<p>ZeinPharma Hyalurons\u00e4ure 100% Kapseln sind aus rein fermentierter Qualit\u00e4t und nicht wie \u00fcblich aus tierischen Rohstoffen gewonnen. In einer Hyalurons\u00e4ure Kapsel sind 50 mg Hyalurons\u00e4ure enthalten und die Kapseln bestehen zudem nur aus pflanzlichen Rohstoffen. Daher eignet sich das Hyalurons\u00e4ure Produkt von ZeinPharma\u00ae besonders f\u00fcr Vegetarier und f\u00fcr Personen, die keine tierischen Gelatine-Kapseln m\u00f6gen.<\/p>\n","protected":false},"excerpt":{"rendered":"<p>ZeinPharma Hyalurons\u00e4ure 100% Kapseln sind aus rein fermentierter Qualit\u00e4t und nicht wie \u00fcblich aus tierischen Rohstoffen gewonnen. In einer Hyalurons\u00e4ure Kapsel sind 50 mg Hyalurons\u00e4ure enthalten und die Kapseln bestehen zudem nur aus pflanzlichen Rohstoffen. Daher eignet sich das Hyalurons\u00e4ure Produkt von ZeinPharma\u00ae besonders f\u00fcr Vegetarier und f\u00fcr Personen, die keine tierischen Gelatine-Kapseln m\u00f6gen.<\/p>\n","protected":false},"featured_media":78645,"template":"","meta":{"_acf_changed":false},"product_brand":[],"product_cat":[803],"product_tag":[],"class_list":{"0":"post-78643","1":"product","2":"type-product","3":"status-publish","4":"has-post-thumbnail","6":"product_cat-z","7":"pa_packungsgroesse-120-stueck","9":"first","10":"instock","11":"shipping-taxable","12":"purchasable","13":"product-type-simple"},"acf":[],"_links":{"self":[{"href":"https:\/\/www.ernstbrunn-apotheke.at\/katalog\/wp-json\/wp\/v2\/product\/78643","targetHints":{"allow":["GET"]}}],"collection":[{"href":"https:\/\/www.ernstbrunn-apotheke.at\/katalog\/wp-json\/wp\/v2\/product"}],"about":[{"href":"https:\/\/www.ernstbrunn-apotheke.at\/katalog\/wp-json\/wp\/v2\/types\/product"}],"wp:featuredmedia":[{"embeddable":true,"href":"https:\/\/www.ernstbrunn-apotheke.at\/katalog\/wp-json\/wp\/v2\/media\/78645"}],"wp:attachment":[{"href":"https:\/\/www.ernstbrunn-apotheke.at\/katalog\/wp-json\/wp\/v2\/media?parent=78643"}],"wp:term":[{"taxonomy":"product_brand","embeddable":true,"href":"https:\/\/www.ernstbrunn-apotheke.at\/katalog\/wp-json\/wp\/v2\/product_brand?post=78643"},{"taxonomy":"product_cat","embeddable":true,"href":"https:\/\/www.ernstbrunn-apotheke.at\/katalog\/wp-json\/wp\/v2\/product_cat?post=78643"},{"taxonomy":"product_tag","embeddable":true,"href":"https:\/\/www.ernstbrunn-apotheke.at\/katalog\/wp-json\/wp\/v2\/product_tag?post=78643"}],"curies":[{"name":"wp","href":"https:\/\/api.w.org\/{rel}","templated":true}]}}