{"id":78626,"date":"2025-11-11T22:20:00","date_gmt":"2025-11-11T21:20:00","guid":{"rendered":"https:\/\/www.ernstbrunn-apotheke.at\/katalog\/produkt\/retterspitz-vitamin-gelee-40-ml\/"},"modified":"2025-12-08T19:00:49","modified_gmt":"2025-12-08T18:00:49","slug":"retterspitz-vitamin-gelee-40-ml","status":"publish","type":"product","link":"https:\/\/www.ernstbrunn-apotheke.at\/katalog\/produkt\/retterspitz-vitamin-gelee-40-ml\/","title":{"rendered":"Retterspitz Vitamin Gelee 40 ml"},"content":{"rendered":"<p>Retterspitz Vitamin Gelee: Wenn die Haut juckt, spannt oder trocken ist, k\u00f6nnen Cremes und Lotionen die sensiblen Stellen zus\u00e4tzlich reizen. Retterspitz Vitamin Gelee (fr\u00fcher: Gelee+E) beruhigt, k\u00fchlt und pflegt, wenn sich die Haut in einem Ausnahmezustand befindet, wie zum Beispiel bei M\u00fcckenstichen. Vitamin E bindet freie Radikale und regeneriert die Schutzbarriere in der Haut. Gleichzeitig regelt es den Feuchtigkeitshaushalt. Gestresste und angegriffene Haut kann sich so schneller erholen. Die Inhaltsstoffe Allantoin und Thymol lindern Entz\u00fcndungen und eignen sich auch besonders f\u00fcr strapazierte Haut, die juckt.<\/p>\n","protected":false},"excerpt":{"rendered":"<p>Retterspitz Vitamin Gelee: Wenn die Haut juckt, spannt oder trocken ist, k\u00f6nnen Cremes und Lotionen die sensiblen Stellen zus\u00e4tzlich reizen. Retterspitz Vitamin Gelee (fr\u00fcher: Gelee+E) beruhigt, k\u00fchlt und pflegt, wenn sich die Haut in einem Ausnahmezustand befindet, wie zum Beispiel bei M\u00fcckenstichen. Vitamin E bindet freie Radikale und regeneriert die Schutzbarriere in der Haut. Gleichzeitig [&hellip;]<\/p>\n","protected":false},"featured_media":0,"template":"","meta":{"_acf_changed":false},"product_brand":[],"product_cat":[808],"product_tag":[],"class_list":{"0":"post-78626","1":"product","2":"type-product","3":"status-publish","5":"product_cat-r","6":"pa_packungsgroesse-40ml","8":"first","9":"instock","10":"shipping-taxable","11":"purchasable","12":"product-type-simple"},"acf":[],"_links":{"self":[{"href":"https:\/\/www.ernstbrunn-apotheke.at\/katalog\/wp-json\/wp\/v2\/product\/78626","targetHints":{"allow":["GET"]}}],"collection":[{"href":"https:\/\/www.ernstbrunn-apotheke.at\/katalog\/wp-json\/wp\/v2\/product"}],"about":[{"href":"https:\/\/www.ernstbrunn-apotheke.at\/katalog\/wp-json\/wp\/v2\/types\/product"}],"wp:attachment":[{"href":"https:\/\/www.ernstbrunn-apotheke.at\/katalog\/wp-json\/wp\/v2\/media?parent=78626"}],"wp:term":[{"taxonomy":"product_brand","embeddable":true,"href":"https:\/\/www.ernstbrunn-apotheke.at\/katalog\/wp-json\/wp\/v2\/product_brand?post=78626"},{"taxonomy":"product_cat","embeddable":true,"href":"https:\/\/www.ernstbrunn-apotheke.at\/katalog\/wp-json\/wp\/v2\/product_cat?post=78626"},{"taxonomy":"product_tag","embeddable":true,"href":"https:\/\/www.ernstbrunn-apotheke.at\/katalog\/wp-json\/wp\/v2\/product_tag?post=78626"}],"curies":[{"name":"wp","href":"https:\/\/api.w.org\/{rel}","templated":true}]}}