{"id":78601,"date":"2025-11-11T22:19:34","date_gmt":"2025-11-11T21:19:34","guid":{"rendered":"https:\/\/www.ernstbrunn-apotheke.at\/katalog\/produkt\/ahava-dermud-intensive-hand-creme-100-ml\/"},"modified":"2025-12-08T19:00:38","modified_gmt":"2025-12-08T18:00:38","slug":"ahava-dermud-intensive-hand-creme-100-ml","status":"publish","type":"product","link":"https:\/\/www.ernstbrunn-apotheke.at\/katalog\/produkt\/ahava-dermud-intensive-hand-creme-100-ml\/","title":{"rendered":"Ahava Dermud Intensive Hand Creme 100 ml"},"content":{"rendered":"<p>Ahava Dermud Intensive Hand Creme zieht tief in die Haut ein und erh\u00f6ht den Feuchtigkeitsgehalt, lindert Reizungen und Juckreiz. Ihre H\u00e4nde f\u00fchlen sich weich und gepflegt an. Die mit Mineralienschlamm angereicherte Handpflege versorgt die Haut bis in die Tiefe, beruhigt und gl\u00e4ttet, raue, rissige H\u00e4nde. Entspannt trockene und empfindliche Haut.<\/p>\n","protected":false},"excerpt":{"rendered":"<p>Ahava Dermud Intensive Hand Creme zieht tief in die Haut ein und erh\u00f6ht den Feuchtigkeitsgehalt, lindert Reizungen und Juckreiz. Ihre H\u00e4nde f\u00fchlen sich weich und gepflegt an. Die mit Mineralienschlamm angereicherte Handpflege versorgt die Haut bis in die Tiefe, beruhigt und gl\u00e4ttet, raue, rissige H\u00e4nde. Entspannt trockene und empfindliche Haut.<\/p>\n","protected":false},"featured_media":0,"template":"","meta":{"_acf_changed":false},"product_brand":[],"product_cat":[801],"product_tag":[],"class_list":{"0":"post-78601","1":"product","2":"type-product","3":"status-publish","5":"product_cat-a","6":"pa_packungsgroesse-100ml","8":"first","9":"instock","10":"shipping-taxable","11":"purchasable","12":"product-type-simple"},"acf":[],"_links":{"self":[{"href":"https:\/\/www.ernstbrunn-apotheke.at\/katalog\/wp-json\/wp\/v2\/product\/78601","targetHints":{"allow":["GET"]}}],"collection":[{"href":"https:\/\/www.ernstbrunn-apotheke.at\/katalog\/wp-json\/wp\/v2\/product"}],"about":[{"href":"https:\/\/www.ernstbrunn-apotheke.at\/katalog\/wp-json\/wp\/v2\/types\/product"}],"wp:attachment":[{"href":"https:\/\/www.ernstbrunn-apotheke.at\/katalog\/wp-json\/wp\/v2\/media?parent=78601"}],"wp:term":[{"taxonomy":"product_brand","embeddable":true,"href":"https:\/\/www.ernstbrunn-apotheke.at\/katalog\/wp-json\/wp\/v2\/product_brand?post=78601"},{"taxonomy":"product_cat","embeddable":true,"href":"https:\/\/www.ernstbrunn-apotheke.at\/katalog\/wp-json\/wp\/v2\/product_cat?post=78601"},{"taxonomy":"product_tag","embeddable":true,"href":"https:\/\/www.ernstbrunn-apotheke.at\/katalog\/wp-json\/wp\/v2\/product_tag?post=78601"}],"curies":[{"name":"wp","href":"https:\/\/api.w.org\/{rel}","templated":true}]}}