{"id":78593,"date":"2025-11-11T22:19:34","date_gmt":"2025-11-11T21:19:34","guid":{"rendered":"https:\/\/www.ernstbrunn-apotheke.at\/katalog\/produkt\/selen-200mcg-kapseln-2\/"},"modified":"2025-12-08T19:00:35","modified_gmt":"2025-12-08T18:00:35","slug":"selen-200mcg-kapseln-2","status":"publish","type":"product","link":"https:\/\/www.ernstbrunn-apotheke.at\/katalog\/produkt\/selen-200mcg-kapseln-2\/","title":{"rendered":"Selen 200mcg Kapseln"},"content":{"rendered":"<p>Gall Pharma Selen 200 mcg Kapseln 180 Stk. sind eine sinnvolle Nahrungserg\u00e4nzung vor allem in der Schwangerschaft und Stillzeit, bei \u00e4lteren Menschen, Rauchern, bei Menschen mit geschw\u00e4chtem Immunsystem, bei allgemeiner Schw\u00e4che, Vergesslichkeit und Konzentrationsschw\u00e4che, Schilddr\u00fcsenunterfunktion sowie Diabetes. Quecksilber (Amalgam), Cadmium (Zigarettenrauch) und Blei (Autoabgase) binden zellsch\u00fctzendes Selen, daher ist eine Zufuhr von Selen sinnvoll \u2013 Spitzenprodukte von Gall Pharma mit hohem Rabatt bestellen!<\/p>\n","protected":false},"excerpt":{"rendered":"<p>Gall Pharma Selen 200 mcg Kapseln 180 Stk. sind eine sinnvolle Nahrungserg\u00e4nzung vor allem in der Schwangerschaft und Stillzeit, bei \u00e4lteren Menschen, Rauchern, bei Menschen mit geschw\u00e4chtem Immunsystem, bei allgemeiner Schw\u00e4che, Vergesslichkeit und Konzentrationsschw\u00e4che, Schilddr\u00fcsenunterfunktion sowie Diabetes. Quecksilber (Amalgam), Cadmium (Zigarettenrauch) und Blei (Autoabgase) binden zellsch\u00fctzendes Selen, daher ist eine Zufuhr von Selen sinnvoll \u2013 [&hellip;]<\/p>\n","protected":false},"featured_media":78595,"template":"","meta":{"_acf_changed":false},"product_brand":[371],"product_cat":[791],"product_tag":[],"class_list":{"0":"post-78593","1":"product","2":"type-product","3":"status-publish","4":"has-post-thumbnail","6":"product_brand-gall-pharma","7":"product_cat-s","8":"pa_packungsgroesse-180-stueck","10":"first","11":"instock","12":"shipping-taxable","13":"purchasable","14":"product-type-simple"},"acf":[],"_links":{"self":[{"href":"https:\/\/www.ernstbrunn-apotheke.at\/katalog\/wp-json\/wp\/v2\/product\/78593","targetHints":{"allow":["GET"]}}],"collection":[{"href":"https:\/\/www.ernstbrunn-apotheke.at\/katalog\/wp-json\/wp\/v2\/product"}],"about":[{"href":"https:\/\/www.ernstbrunn-apotheke.at\/katalog\/wp-json\/wp\/v2\/types\/product"}],"wp:featuredmedia":[{"embeddable":true,"href":"https:\/\/www.ernstbrunn-apotheke.at\/katalog\/wp-json\/wp\/v2\/media\/78595"}],"wp:attachment":[{"href":"https:\/\/www.ernstbrunn-apotheke.at\/katalog\/wp-json\/wp\/v2\/media?parent=78593"}],"wp:term":[{"taxonomy":"product_brand","embeddable":true,"href":"https:\/\/www.ernstbrunn-apotheke.at\/katalog\/wp-json\/wp\/v2\/product_brand?post=78593"},{"taxonomy":"product_cat","embeddable":true,"href":"https:\/\/www.ernstbrunn-apotheke.at\/katalog\/wp-json\/wp\/v2\/product_cat?post=78593"},{"taxonomy":"product_tag","embeddable":true,"href":"https:\/\/www.ernstbrunn-apotheke.at\/katalog\/wp-json\/wp\/v2\/product_tag?post=78593"}],"curies":[{"name":"wp","href":"https:\/\/api.w.org\/{rel}","templated":true}]}}