{"id":78578,"date":"2025-11-11T22:19:34","date_gmt":"2025-11-11T21:19:34","guid":{"rendered":"https:\/\/www.ernstbrunn-apotheke.at\/katalog\/produkt\/lacalut-white-mundspuel-loesung-300-ml\/"},"modified":"2025-12-08T19:00:27","modified_gmt":"2025-12-08T18:00:27","slug":"lacalut-white-mundspuel-loesung-300-ml","status":"publish","type":"product","link":"https:\/\/www.ernstbrunn-apotheke.at\/katalog\/produkt\/lacalut-white-mundspuel-loesung-300-ml\/","title":{"rendered":"Lacalut White Mundsp\u00fcl-L\u00f6sung 300 ml"},"content":{"rendered":"<p>Die LACALUT\u00ae Mundsp\u00fclung White ist eine medizinische, gebrauchsfertige Mundsp\u00fclung und die ideale Erg\u00e4nzung zu wei\u00dfenden Zahncremes. Die Mundsp\u00fclung sch\u00fctzt nach der t\u00e4glichen Mundpflege das strahlende Wei\u00df der Z\u00e4hne und versiegelt und remineralsiert gleichzeitig den Zahnschmelz.<\/p>\n","protected":false},"excerpt":{"rendered":"<p>Die LACALUT\u00ae Mundsp\u00fclung White ist eine medizinische, gebrauchsfertige Mundsp\u00fclung und die ideale Erg\u00e4nzung zu wei\u00dfenden Zahncremes. Die Mundsp\u00fclung sch\u00fctzt nach der t\u00e4glichen Mundpflege das strahlende Wei\u00df der Z\u00e4hne und versiegelt und remineralsiert gleichzeitig den Zahnschmelz.<\/p>\n","protected":false},"featured_media":0,"template":"","meta":{"_acf_changed":false},"product_brand":[],"product_cat":[795],"product_tag":[],"class_list":{"0":"post-78578","1":"product","2":"type-product","3":"status-publish","5":"product_cat-l","6":"pa_packungsgroesse-300ml","8":"first","9":"instock","10":"shipping-taxable","11":"purchasable","12":"product-type-simple"},"acf":[],"_links":{"self":[{"href":"https:\/\/www.ernstbrunn-apotheke.at\/katalog\/wp-json\/wp\/v2\/product\/78578","targetHints":{"allow":["GET"]}}],"collection":[{"href":"https:\/\/www.ernstbrunn-apotheke.at\/katalog\/wp-json\/wp\/v2\/product"}],"about":[{"href":"https:\/\/www.ernstbrunn-apotheke.at\/katalog\/wp-json\/wp\/v2\/types\/product"}],"wp:attachment":[{"href":"https:\/\/www.ernstbrunn-apotheke.at\/katalog\/wp-json\/wp\/v2\/media?parent=78578"}],"wp:term":[{"taxonomy":"product_brand","embeddable":true,"href":"https:\/\/www.ernstbrunn-apotheke.at\/katalog\/wp-json\/wp\/v2\/product_brand?post=78578"},{"taxonomy":"product_cat","embeddable":true,"href":"https:\/\/www.ernstbrunn-apotheke.at\/katalog\/wp-json\/wp\/v2\/product_cat?post=78578"},{"taxonomy":"product_tag","embeddable":true,"href":"https:\/\/www.ernstbrunn-apotheke.at\/katalog\/wp-json\/wp\/v2\/product_tag?post=78578"}],"curies":[{"name":"wp","href":"https:\/\/api.w.org\/{rel}","templated":true}]}}