{"id":78548,"date":"2025-11-11T22:18:55","date_gmt":"2025-11-11T21:18:55","guid":{"rendered":"https:\/\/www.ernstbrunn-apotheke.at\/katalog\/produkt\/milupa-aptamil-1-profutura-800-g\/"},"modified":"2025-12-08T19:00:14","modified_gmt":"2025-12-08T18:00:14","slug":"milupa-aptamil-1-profutura-800-g","status":"publish","type":"product","link":"https:\/\/www.ernstbrunn-apotheke.at\/katalog\/produkt\/milupa-aptamil-1-profutura-800-g\/","title":{"rendered":"Milupa Aptamil 1 Profutura 800 g"},"content":{"rendered":"<p>Aptamil Profutura\u2122 1 ist von Geburt an geeignet: Zum Zuf\u00fcttern, wenn nicht voll gestillt wird (Zwiemilch-Ern\u00e4hrung) oder zur alleinigen Ern\u00e4hrung, wenn nicht gestillt wird. Jeder Mutter liegt das Wohl ihres Babys besonders am Herzen<\/p>\n","protected":false},"excerpt":{"rendered":"<p>Aptamil Profutura\u2122 1 ist von Geburt an geeignet: Zum Zuf\u00fcttern, wenn nicht voll gestillt wird (Zwiemilch-Ern\u00e4hrung) oder zur alleinigen Ern\u00e4hrung, wenn nicht gestillt wird. Jeder Mutter liegt das Wohl ihres Babys besonders am Herzen<\/p>\n","protected":false},"featured_media":78550,"template":"","meta":{"_acf_changed":false},"product_brand":[1021],"product_cat":[800],"product_tag":[],"class_list":{"0":"post-78548","1":"product","2":"type-product","3":"status-publish","4":"has-post-thumbnail","6":"product_brand-milupa","7":"product_cat-m","8":"pa_packungsgroesse-800g","10":"first","11":"instock","12":"shipping-taxable","13":"purchasable","14":"product-type-simple"},"acf":[],"_links":{"self":[{"href":"https:\/\/www.ernstbrunn-apotheke.at\/katalog\/wp-json\/wp\/v2\/product\/78548","targetHints":{"allow":["GET"]}}],"collection":[{"href":"https:\/\/www.ernstbrunn-apotheke.at\/katalog\/wp-json\/wp\/v2\/product"}],"about":[{"href":"https:\/\/www.ernstbrunn-apotheke.at\/katalog\/wp-json\/wp\/v2\/types\/product"}],"wp:featuredmedia":[{"embeddable":true,"href":"https:\/\/www.ernstbrunn-apotheke.at\/katalog\/wp-json\/wp\/v2\/media\/78550"}],"wp:attachment":[{"href":"https:\/\/www.ernstbrunn-apotheke.at\/katalog\/wp-json\/wp\/v2\/media?parent=78548"}],"wp:term":[{"taxonomy":"product_brand","embeddable":true,"href":"https:\/\/www.ernstbrunn-apotheke.at\/katalog\/wp-json\/wp\/v2\/product_brand?post=78548"},{"taxonomy":"product_cat","embeddable":true,"href":"https:\/\/www.ernstbrunn-apotheke.at\/katalog\/wp-json\/wp\/v2\/product_cat?post=78548"},{"taxonomy":"product_tag","embeddable":true,"href":"https:\/\/www.ernstbrunn-apotheke.at\/katalog\/wp-json\/wp\/v2\/product_tag?post=78548"}],"curies":[{"name":"wp","href":"https:\/\/api.w.org\/{rel}","templated":true}]}}