{"id":7844,"date":"2025-11-07T13:31:17","date_gmt":"2025-11-07T12:31:17","guid":{"rendered":"https:\/\/www.ernstbrunn-apotheke.at\/katalog\/produkt\/clarityn-tabletten-10mg-antihistaminikum\/"},"modified":"2025-12-08T13:24:30","modified_gmt":"2025-12-08T12:24:30","slug":"clarityn-tabletten-10mg-antihistaminikum","status":"publish","type":"product","link":"https:\/\/www.ernstbrunn-apotheke.at\/katalog\/produkt\/clarityn-tabletten-10mg-antihistaminikum\/","title":{"rendered":"CLARITYN Tabletten 10mg &#8211; Antihistaminikum"},"content":{"rendered":"<p>Clarityn lindert Beschwerden bei allergischer Rhinitis (z.B. Heuschnupfen) mit Begleiterscheinungen wie Niesreiz und Nasenlaufen sowie Juckreiz und Brennen in Nase und Augen. Die Tabletten sind auch zur Behandlung und Linderung der Beschwerden bei Urtikaria (Juckreiz, R\u00f6tung und Bl\u00e4schen) geeignet. Die Wirkung von Clarityn h\u00e4lt einen ganzen Tag an und sollte Ihnen helfen, Ihrer normalen T\u00e4tigkeit tags\u00fcber nachzugehen und nachts zu schlafen.<\/p>\n","protected":false},"excerpt":{"rendered":"<p>Clarityn lindert Beschwerden bei allergischer Rhinitis (z.B. Heuschnupfen) mit Begleiterscheinungen wie Niesreiz und Nasenlaufen sowie Juckreiz und Brennen in Nase und Augen. Die Tabletten sind auch zur Behandlung und Linderung der Beschwerden bei Urtikaria (Juckreiz, R\u00f6tung und Bl\u00e4schen) geeignet. Die Wirkung von Clarityn h\u00e4lt einen ganzen Tag an und sollte Ihnen helfen, Ihrer normalen T\u00e4tigkeit [&hellip;]<\/p>\n","protected":false},"featured_media":7846,"template":"","meta":{"_acf_changed":false},"product_brand":[],"product_cat":[812],"product_tag":[],"class_list":{"0":"post-7844","1":"product","2":"type-product","3":"status-publish","4":"has-post-thumbnail","6":"product_cat-c","7":"pa_packungsgroesse-10-stueck","8":"pa_packungsgroesse-30-stueck","10":"first","11":"instock","12":"shipping-taxable","13":"purchasable","14":"product-type-simple"},"acf":[],"_links":{"self":[{"href":"https:\/\/www.ernstbrunn-apotheke.at\/katalog\/wp-json\/wp\/v2\/product\/7844","targetHints":{"allow":["GET"]}}],"collection":[{"href":"https:\/\/www.ernstbrunn-apotheke.at\/katalog\/wp-json\/wp\/v2\/product"}],"about":[{"href":"https:\/\/www.ernstbrunn-apotheke.at\/katalog\/wp-json\/wp\/v2\/types\/product"}],"wp:featuredmedia":[{"embeddable":true,"href":"https:\/\/www.ernstbrunn-apotheke.at\/katalog\/wp-json\/wp\/v2\/media\/7846"}],"wp:attachment":[{"href":"https:\/\/www.ernstbrunn-apotheke.at\/katalog\/wp-json\/wp\/v2\/media?parent=7844"}],"wp:term":[{"taxonomy":"product_brand","embeddable":true,"href":"https:\/\/www.ernstbrunn-apotheke.at\/katalog\/wp-json\/wp\/v2\/product_brand?post=7844"},{"taxonomy":"product_cat","embeddable":true,"href":"https:\/\/www.ernstbrunn-apotheke.at\/katalog\/wp-json\/wp\/v2\/product_cat?post=7844"},{"taxonomy":"product_tag","embeddable":true,"href":"https:\/\/www.ernstbrunn-apotheke.at\/katalog\/wp-json\/wp\/v2\/product_tag?post=7844"}],"curies":[{"name":"wp","href":"https:\/\/api.w.org\/{rel}","templated":true}]}}