{"id":78409,"date":"2025-11-11T22:16:10","date_gmt":"2025-11-11T21:16:10","guid":{"rendered":"https:\/\/www.ernstbrunn-apotheke.at\/katalog\/produkt\/savoderm-ph5-pflege-shampoo-250-ml\/"},"modified":"2025-12-08T18:59:14","modified_gmt":"2025-12-08T17:59:14","slug":"savoderm-ph5-pflege-shampoo-250-ml","status":"publish","type":"product","link":"https:\/\/www.ernstbrunn-apotheke.at\/katalog\/produkt\/savoderm-ph5-pflege-shampoo-250-ml\/","title":{"rendered":"Savoderm pH5 Pflege Shampoo 250 ml"},"content":{"rendered":"<p>Savoderm pH5 Pflege Shampoo sch\u00fctzt empfindliche Kopfhaut bei der t\u00e4glichen Haarw\u00e4sche. Extra milde Zuckertenside und Waschsubstanzen reinigen das Haar ohne die Kopfhaut zu reizen. Die optimale Wirkstoffkombination beugt Irritationen der Kopfhaut vor, lindert Juckreiz und sorgt f\u00fcr gesundes, gl\u00e4nzendes Haar.<\/p>\n","protected":false},"excerpt":{"rendered":"<p>Savoderm pH5 Pflege Shampoo sch\u00fctzt empfindliche Kopfhaut bei der t\u00e4glichen Haarw\u00e4sche. Extra milde Zuckertenside und Waschsubstanzen reinigen das Haar ohne die Kopfhaut zu reizen. Die optimale Wirkstoffkombination beugt Irritationen der Kopfhaut vor, lindert Juckreiz und sorgt f\u00fcr gesundes, gl\u00e4nzendes Haar.<\/p>\n","protected":false},"featured_media":78411,"template":"","meta":{"_acf_changed":false},"product_brand":[],"product_cat":[791],"product_tag":[],"class_list":{"0":"post-78409","1":"product","2":"type-product","3":"status-publish","4":"has-post-thumbnail","6":"product_cat-s","7":"pa_packungsgroesse-250ml","9":"first","10":"instock","11":"shipping-taxable","12":"purchasable","13":"product-type-simple"},"acf":[],"_links":{"self":[{"href":"https:\/\/www.ernstbrunn-apotheke.at\/katalog\/wp-json\/wp\/v2\/product\/78409","targetHints":{"allow":["GET"]}}],"collection":[{"href":"https:\/\/www.ernstbrunn-apotheke.at\/katalog\/wp-json\/wp\/v2\/product"}],"about":[{"href":"https:\/\/www.ernstbrunn-apotheke.at\/katalog\/wp-json\/wp\/v2\/types\/product"}],"wp:featuredmedia":[{"embeddable":true,"href":"https:\/\/www.ernstbrunn-apotheke.at\/katalog\/wp-json\/wp\/v2\/media\/78411"}],"wp:attachment":[{"href":"https:\/\/www.ernstbrunn-apotheke.at\/katalog\/wp-json\/wp\/v2\/media?parent=78409"}],"wp:term":[{"taxonomy":"product_brand","embeddable":true,"href":"https:\/\/www.ernstbrunn-apotheke.at\/katalog\/wp-json\/wp\/v2\/product_brand?post=78409"},{"taxonomy":"product_cat","embeddable":true,"href":"https:\/\/www.ernstbrunn-apotheke.at\/katalog\/wp-json\/wp\/v2\/product_cat?post=78409"},{"taxonomy":"product_tag","embeddable":true,"href":"https:\/\/www.ernstbrunn-apotheke.at\/katalog\/wp-json\/wp\/v2\/product_tag?post=78409"}],"curies":[{"name":"wp","href":"https:\/\/api.w.org\/{rel}","templated":true}]}}