{"id":78334,"date":"2025-11-11T22:14:58","date_gmt":"2025-11-11T21:14:58","guid":{"rendered":"https:\/\/www.ernstbrunn-apotheke.at\/katalog\/produkt\/vitamin-b5-kapseln-6mg-2\/"},"modified":"2025-12-08T18:58:48","modified_gmt":"2025-12-08T17:58:48","slug":"vitamin-b5-kapseln-6mg-2","status":"publish","type":"product","link":"https:\/\/www.ernstbrunn-apotheke.at\/katalog\/produkt\/vitamin-b5-kapseln-6mg-2\/","title":{"rendered":"Vitamin B5 Kapseln 6mg"},"content":{"rendered":"<p>Gall Pharma Vitamin B5 6 mg Kapseln 60 Stk. helfen hervorragend gegen nerv\u00f6se Ersch\u00f6pfung und k\u00f6nnen die Gehirnleistung auffrischen und dadurch Konzentrationsm\u00e4ngel, Ged\u00e4chtnis und Lernschw\u00e4chen beseitigen.Dar\u00fcber hinaus wirkt es als &#8222;Sch\u00f6nheitsvitamin&#8220; gegen vorzeitige Alterung und Faltenbildung und kann indirekt beim Schlankwerden und Schlankbleiben durch seine Beteiligung an der Produktion von Corticoiden in der Nebennierenrinde unterst\u00fctzen &#8211; als Standortapotheke bieten wir Ihnen 100 % Sicherheit und ausschlie\u00dflich Originalprodukte!<\/p>\n","protected":false},"excerpt":{"rendered":"<p>Gall Pharma Vitamin B5 6 mg Kapseln 60 Stk. helfen hervorragend gegen nerv\u00f6se Ersch\u00f6pfung und k\u00f6nnen die Gehirnleistung auffrischen und dadurch Konzentrationsm\u00e4ngel, Ged\u00e4chtnis und Lernschw\u00e4chen beseitigen.Dar\u00fcber hinaus wirkt es als &#8222;Sch\u00f6nheitsvitamin&#8220; gegen vorzeitige Alterung und Faltenbildung und kann indirekt beim Schlankwerden und Schlankbleiben durch seine Beteiligung an der Produktion von Corticoiden in der Nebennierenrinde unterst\u00fctzen [&hellip;]<\/p>\n","protected":false},"featured_media":78336,"template":"","meta":{"_acf_changed":false},"product_brand":[371],"product_cat":[799],"product_tag":[],"class_list":{"0":"post-78334","1":"product","2":"type-product","3":"status-publish","4":"has-post-thumbnail","6":"product_brand-gall-pharma","7":"product_cat-v","8":"pa_packungsgroesse-60-stueck","10":"first","11":"instock","12":"shipping-taxable","13":"purchasable","14":"product-type-simple"},"acf":[],"_links":{"self":[{"href":"https:\/\/www.ernstbrunn-apotheke.at\/katalog\/wp-json\/wp\/v2\/product\/78334","targetHints":{"allow":["GET"]}}],"collection":[{"href":"https:\/\/www.ernstbrunn-apotheke.at\/katalog\/wp-json\/wp\/v2\/product"}],"about":[{"href":"https:\/\/www.ernstbrunn-apotheke.at\/katalog\/wp-json\/wp\/v2\/types\/product"}],"wp:featuredmedia":[{"embeddable":true,"href":"https:\/\/www.ernstbrunn-apotheke.at\/katalog\/wp-json\/wp\/v2\/media\/78336"}],"wp:attachment":[{"href":"https:\/\/www.ernstbrunn-apotheke.at\/katalog\/wp-json\/wp\/v2\/media?parent=78334"}],"wp:term":[{"taxonomy":"product_brand","embeddable":true,"href":"https:\/\/www.ernstbrunn-apotheke.at\/katalog\/wp-json\/wp\/v2\/product_brand?post=78334"},{"taxonomy":"product_cat","embeddable":true,"href":"https:\/\/www.ernstbrunn-apotheke.at\/katalog\/wp-json\/wp\/v2\/product_cat?post=78334"},{"taxonomy":"product_tag","embeddable":true,"href":"https:\/\/www.ernstbrunn-apotheke.at\/katalog\/wp-json\/wp\/v2\/product_tag?post=78334"}],"curies":[{"name":"wp","href":"https:\/\/api.w.org\/{rel}","templated":true}]}}