{"id":78326,"date":"2025-11-11T22:14:58","date_gmt":"2025-11-11T21:14:58","guid":{"rendered":"https:\/\/www.ernstbrunn-apotheke.at\/katalog\/produkt\/healing-herbs-walnut-30-ml\/"},"modified":"2025-12-08T18:58:41","modified_gmt":"2025-12-08T17:58:41","slug":"healing-herbs-walnut-30-ml","status":"publish","type":"product","link":"https:\/\/www.ernstbrunn-apotheke.at\/katalog\/produkt\/healing-herbs-walnut-30-ml\/","title":{"rendered":"Healing Herbs Walnut 30 ml"},"content":{"rendered":"<p>Healing Herbs Walnut wird besonders bei allen krankhaften St\u00f6rungen empfohlen, die mit einem Mangel an innerer Stabilit\u00e4t oder Abwehrkraft einhergehen oder davon ausgel\u00f6st wurden. So wird das Produkt im t\u00e4glichen Leben bei zu gro\u00dfer Beeinflu\u00dfbarkeit, Labilit\u00e4t, Gutgl\u00e4ubigkeit sowie schlechten Gewohnheiten eingesetzt.<\/p>\n","protected":false},"excerpt":{"rendered":"<p>Healing Herbs Walnut wird besonders bei allen krankhaften St\u00f6rungen empfohlen, die mit einem Mangel an innerer Stabilit\u00e4t oder Abwehrkraft einhergehen oder davon ausgel\u00f6st wurden. So wird das Produkt im t\u00e4glichen Leben bei zu gro\u00dfer Beeinflu\u00dfbarkeit, Labilit\u00e4t, Gutgl\u00e4ubigkeit sowie schlechten Gewohnheiten eingesetzt.<\/p>\n","protected":false},"featured_media":0,"template":"","meta":{"_acf_changed":false},"product_brand":[927],"product_cat":[805],"product_tag":[],"class_list":{"0":"post-78326","1":"product","2":"type-product","3":"status-publish","5":"product_brand-healing-herbs","6":"product_cat-h","7":"pa_packungsgroesse-30ml","9":"first","10":"instock","11":"shipping-taxable","12":"purchasable","13":"product-type-simple"},"acf":[],"_links":{"self":[{"href":"https:\/\/www.ernstbrunn-apotheke.at\/katalog\/wp-json\/wp\/v2\/product\/78326","targetHints":{"allow":["GET"]}}],"collection":[{"href":"https:\/\/www.ernstbrunn-apotheke.at\/katalog\/wp-json\/wp\/v2\/product"}],"about":[{"href":"https:\/\/www.ernstbrunn-apotheke.at\/katalog\/wp-json\/wp\/v2\/types\/product"}],"wp:attachment":[{"href":"https:\/\/www.ernstbrunn-apotheke.at\/katalog\/wp-json\/wp\/v2\/media?parent=78326"}],"wp:term":[{"taxonomy":"product_brand","embeddable":true,"href":"https:\/\/www.ernstbrunn-apotheke.at\/katalog\/wp-json\/wp\/v2\/product_brand?post=78326"},{"taxonomy":"product_cat","embeddable":true,"href":"https:\/\/www.ernstbrunn-apotheke.at\/katalog\/wp-json\/wp\/v2\/product_cat?post=78326"},{"taxonomy":"product_tag","embeddable":true,"href":"https:\/\/www.ernstbrunn-apotheke.at\/katalog\/wp-json\/wp\/v2\/product_tag?post=78326"}],"curies":[{"name":"wp","href":"https:\/\/api.w.org\/{rel}","templated":true}]}}