{"id":78313,"date":"2025-11-11T22:14:20","date_gmt":"2025-11-11T21:14:20","guid":{"rendered":"https:\/\/www.ernstbrunn-apotheke.at\/katalog\/produkt\/sonnentor-energie-oel-aetherisches-oel-hildegard-10-ml\/"},"modified":"2025-12-08T18:58:38","modified_gmt":"2025-12-08T17:58:38","slug":"sonnentor-energie-oel-aetherisches-oel-hildegard-10-ml","status":"publish","type":"product","link":"https:\/\/www.ernstbrunn-apotheke.at\/katalog\/produkt\/sonnentor-energie-oel-aetherisches-oel-hildegard-10-ml\/","title":{"rendered":"Sonnentor Energie-\u00d6l \u00e4therisches \u00d6l Hildegard 10 ml"},"content":{"rendered":"<p>Sonnentor Energie-\u00d6l \u00e4therisches \u00d6l Hildegard 10 ml l\u00e4sst Sie jeder Herausforderung mit Leichtigkeit begegnen! Frische Zitrone, edle Bergamotte, Eukalyptus und Wacholder sind die Hauptbestandteile dieser Komposition, die sich auch besonders vielseitig einsetzen l\u00e4sst: Sie verzaubert in der Duftlampe und in der Sauna oder eignet sich auch hervorragend zum Mischen von K\u00f6rper\u00f6len. Nicht zur Einnahme bestimmt!.<\/p>\n","protected":false},"excerpt":{"rendered":"<p>Sonnentor Energie-\u00d6l \u00e4therisches \u00d6l Hildegard 10 ml l\u00e4sst Sie jeder Herausforderung mit Leichtigkeit begegnen! Frische Zitrone, edle Bergamotte, Eukalyptus und Wacholder sind die Hauptbestandteile dieser Komposition, die sich auch besonders vielseitig einsetzen l\u00e4sst: Sie verzaubert in der Duftlampe und in der Sauna oder eignet sich auch hervorragend zum Mischen von K\u00f6rper\u00f6len. Nicht zur Einnahme bestimmt!.<\/p>\n","protected":false},"featured_media":78315,"template":"","meta":{"_acf_changed":false},"product_brand":[925],"product_cat":[791],"product_tag":[],"class_list":{"0":"post-78313","1":"product","2":"type-product","3":"status-publish","4":"has-post-thumbnail","6":"product_brand-sonnentor","7":"product_cat-s","8":"pa_packungsgroesse-10ml","10":"first","11":"instock","12":"shipping-taxable","13":"purchasable","14":"product-type-simple"},"acf":[],"_links":{"self":[{"href":"https:\/\/www.ernstbrunn-apotheke.at\/katalog\/wp-json\/wp\/v2\/product\/78313","targetHints":{"allow":["GET"]}}],"collection":[{"href":"https:\/\/www.ernstbrunn-apotheke.at\/katalog\/wp-json\/wp\/v2\/product"}],"about":[{"href":"https:\/\/www.ernstbrunn-apotheke.at\/katalog\/wp-json\/wp\/v2\/types\/product"}],"wp:featuredmedia":[{"embeddable":true,"href":"https:\/\/www.ernstbrunn-apotheke.at\/katalog\/wp-json\/wp\/v2\/media\/78315"}],"wp:attachment":[{"href":"https:\/\/www.ernstbrunn-apotheke.at\/katalog\/wp-json\/wp\/v2\/media?parent=78313"}],"wp:term":[{"taxonomy":"product_brand","embeddable":true,"href":"https:\/\/www.ernstbrunn-apotheke.at\/katalog\/wp-json\/wp\/v2\/product_brand?post=78313"},{"taxonomy":"product_cat","embeddable":true,"href":"https:\/\/www.ernstbrunn-apotheke.at\/katalog\/wp-json\/wp\/v2\/product_cat?post=78313"},{"taxonomy":"product_tag","embeddable":true,"href":"https:\/\/www.ernstbrunn-apotheke.at\/katalog\/wp-json\/wp\/v2\/product_tag?post=78313"}],"curies":[{"name":"wp","href":"https:\/\/api.w.org\/{rel}","templated":true}]}}