{"id":78270,"date":"2025-11-11T22:13:43","date_gmt":"2025-11-11T21:13:43","guid":{"rendered":"https:\/\/www.ernstbrunn-apotheke.at\/katalog\/produkt\/tiroler-steinoel-seife-100-g-arnika\/"},"modified":"2025-12-08T18:58:19","modified_gmt":"2025-12-08T17:58:19","slug":"tiroler-steinoel-seife-100-g-arnika","status":"publish","type":"product","link":"https:\/\/www.ernstbrunn-apotheke.at\/katalog\/produkt\/tiroler-steinoel-seife-100-g-arnika\/","title":{"rendered":"Tiroler Stein\u00f6l Seife 100 g Arnika"},"content":{"rendered":"<p>Tiroler Stein\u00f6l Seife zur schonenden, regelm\u00e4\u00dfigen Pflege und Reinigung empfindlicher, fettiger und unreiner Haut  besonders bei jugendlichen Hautproblemen<\/p>\n","protected":false},"excerpt":{"rendered":"<p>Tiroler Stein\u00f6l Seife zur schonenden, regelm\u00e4\u00dfigen Pflege und Reinigung empfindlicher, fettiger und unreiner Haut besonders bei jugendlichen Hautproblemen<\/p>\n","protected":false},"featured_media":0,"template":"","meta":{"_acf_changed":false},"product_brand":[],"product_cat":[798],"product_tag":[],"class_list":{"0":"post-78270","1":"product","2":"type-product","3":"status-publish","5":"product_cat-t","6":"pa_packungsgroesse-100g","8":"first","9":"instock","10":"shipping-taxable","11":"purchasable","12":"product-type-simple"},"acf":[],"_links":{"self":[{"href":"https:\/\/www.ernstbrunn-apotheke.at\/katalog\/wp-json\/wp\/v2\/product\/78270","targetHints":{"allow":["GET"]}}],"collection":[{"href":"https:\/\/www.ernstbrunn-apotheke.at\/katalog\/wp-json\/wp\/v2\/product"}],"about":[{"href":"https:\/\/www.ernstbrunn-apotheke.at\/katalog\/wp-json\/wp\/v2\/types\/product"}],"wp:attachment":[{"href":"https:\/\/www.ernstbrunn-apotheke.at\/katalog\/wp-json\/wp\/v2\/media?parent=78270"}],"wp:term":[{"taxonomy":"product_brand","embeddable":true,"href":"https:\/\/www.ernstbrunn-apotheke.at\/katalog\/wp-json\/wp\/v2\/product_brand?post=78270"},{"taxonomy":"product_cat","embeddable":true,"href":"https:\/\/www.ernstbrunn-apotheke.at\/katalog\/wp-json\/wp\/v2\/product_cat?post=78270"},{"taxonomy":"product_tag","embeddable":true,"href":"https:\/\/www.ernstbrunn-apotheke.at\/katalog\/wp-json\/wp\/v2\/product_tag?post=78270"}],"curies":[{"name":"wp","href":"https:\/\/api.w.org\/{rel}","templated":true}]}}