{"id":78221,"date":"2025-11-11T22:13:00","date_gmt":"2025-11-11T21:13:00","guid":{"rendered":"https:\/\/www.ernstbrunn-apotheke.at\/katalog\/produkt\/zinkleimbinden-varol-plus-8cm-x-5-1-stk\/"},"modified":"2025-12-08T18:58:03","modified_gmt":"2025-12-08T17:58:03","slug":"zinkleimbinden-varol-plus-8cm-x-5-1-stk","status":"publish","type":"product","link":"https:\/\/www.ernstbrunn-apotheke.at\/katalog\/produkt\/zinkleimbinden-varol-plus-8cm-x-5-1-stk\/","title":{"rendered":"Zinkleimbinden Varol Plus 8cm x 5 1 Stk."},"content":{"rendered":"<p>Varolast Plus sind extra feuchte, gebrauchsfertige Zinkleimbinden mit s\u00e4mig weichem, gleichm\u00e4\u00dfig hohem Zinkleimauftrag. Sie eignen sich unter anderem zur schnellen Entstauung und zur Beseitigung hartn\u00e4ckiger \u00d6deme, als komprimierender Dauerverband bei Phlebitiden der tiefen und oberfl\u00e4chlichen Venen oder bei postthrombotischen Zust\u00e4nden.<\/p>\n","protected":false},"excerpt":{"rendered":"<p>Varolast Plus sind extra feuchte, gebrauchsfertige Zinkleimbinden mit s\u00e4mig weichem, gleichm\u00e4\u00dfig hohem Zinkleimauftrag. Sie eignen sich unter anderem zur schnellen Entstauung und zur Beseitigung hartn\u00e4ckiger \u00d6deme, als komprimierender Dauerverband bei Phlebitiden der tiefen und oberfl\u00e4chlichen Venen oder bei postthrombotischen Zust\u00e4nden.<\/p>\n","protected":false},"featured_media":78223,"template":"","meta":{"_acf_changed":false},"product_brand":[],"product_cat":[803],"product_tag":[],"class_list":{"0":"post-78221","1":"product","2":"type-product","3":"status-publish","4":"has-post-thumbnail","6":"product_cat-z","7":"pa_packungsgroesse-1-stueck","9":"first","10":"instock","11":"shipping-taxable","12":"purchasable","13":"product-type-simple"},"acf":[],"_links":{"self":[{"href":"https:\/\/www.ernstbrunn-apotheke.at\/katalog\/wp-json\/wp\/v2\/product\/78221","targetHints":{"allow":["GET"]}}],"collection":[{"href":"https:\/\/www.ernstbrunn-apotheke.at\/katalog\/wp-json\/wp\/v2\/product"}],"about":[{"href":"https:\/\/www.ernstbrunn-apotheke.at\/katalog\/wp-json\/wp\/v2\/types\/product"}],"wp:featuredmedia":[{"embeddable":true,"href":"https:\/\/www.ernstbrunn-apotheke.at\/katalog\/wp-json\/wp\/v2\/media\/78223"}],"wp:attachment":[{"href":"https:\/\/www.ernstbrunn-apotheke.at\/katalog\/wp-json\/wp\/v2\/media?parent=78221"}],"wp:term":[{"taxonomy":"product_brand","embeddable":true,"href":"https:\/\/www.ernstbrunn-apotheke.at\/katalog\/wp-json\/wp\/v2\/product_brand?post=78221"},{"taxonomy":"product_cat","embeddable":true,"href":"https:\/\/www.ernstbrunn-apotheke.at\/katalog\/wp-json\/wp\/v2\/product_cat?post=78221"},{"taxonomy":"product_tag","embeddable":true,"href":"https:\/\/www.ernstbrunn-apotheke.at\/katalog\/wp-json\/wp\/v2\/product_tag?post=78221"}],"curies":[{"name":"wp","href":"https:\/\/api.w.org\/{rel}","templated":true}]}}