{"id":78198,"date":"2025-11-11T22:12:36","date_gmt":"2025-11-11T21:12:36","guid":{"rendered":"https:\/\/www.ernstbrunn-apotheke.at\/katalog\/produkt\/stuhlprobenhilfe-s-kl-wasserloeslich-50-stk\/"},"modified":"2025-12-08T18:57:54","modified_gmt":"2025-12-08T17:57:54","slug":"stuhlprobenhilfe-s-kl-wasserloeslich-50-stk","status":"publish","type":"product","link":"https:\/\/www.ernstbrunn-apotheke.at\/katalog\/produkt\/stuhlprobenhilfe-s-kl-wasserloeslich-50-stk\/","title":{"rendered":"Stuhlprobenhilfe S-kl Wasserl\u00f6slich 50 Stk."},"content":{"rendered":"<p>Stuhlprobenhilfe S-kl Wasserl\u00f6slich wird mit selbstklebenden Laschen in die Toilette geh\u00e4ngt und anschlie\u00dfend nach der Probenentnahme mit Wasser abgesp\u00fclt. Es besteht keine Gefahr der Verstopfung. Ein ideales Mittel zur Probengewinnung, auch f\u00fcr Betriebs\u00e4rzte, die Mitarbeiter st\u00e4ndig gesundheitlich \u00fcberwachen m\u00fcssen.<\/p>\n","protected":false},"excerpt":{"rendered":"<p>Stuhlprobenhilfe S-kl Wasserl\u00f6slich wird mit selbstklebenden Laschen in die Toilette geh\u00e4ngt und anschlie\u00dfend nach der Probenentnahme mit Wasser abgesp\u00fclt. Es besteht keine Gefahr der Verstopfung. Ein ideales Mittel zur Probengewinnung, auch f\u00fcr Betriebs\u00e4rzte, die Mitarbeiter st\u00e4ndig gesundheitlich \u00fcberwachen m\u00fcssen.<\/p>\n","protected":false},"featured_media":0,"template":"","meta":{"_acf_changed":false},"product_brand":[],"product_cat":[791],"product_tag":[],"class_list":{"0":"post-78198","1":"product","2":"type-product","3":"status-publish","5":"product_cat-s","6":"pa_packungsgroesse-500","8":"first","9":"instock","10":"shipping-taxable","11":"purchasable","12":"product-type-simple"},"acf":[],"_links":{"self":[{"href":"https:\/\/www.ernstbrunn-apotheke.at\/katalog\/wp-json\/wp\/v2\/product\/78198","targetHints":{"allow":["GET"]}}],"collection":[{"href":"https:\/\/www.ernstbrunn-apotheke.at\/katalog\/wp-json\/wp\/v2\/product"}],"about":[{"href":"https:\/\/www.ernstbrunn-apotheke.at\/katalog\/wp-json\/wp\/v2\/types\/product"}],"wp:attachment":[{"href":"https:\/\/www.ernstbrunn-apotheke.at\/katalog\/wp-json\/wp\/v2\/media?parent=78198"}],"wp:term":[{"taxonomy":"product_brand","embeddable":true,"href":"https:\/\/www.ernstbrunn-apotheke.at\/katalog\/wp-json\/wp\/v2\/product_brand?post=78198"},{"taxonomy":"product_cat","embeddable":true,"href":"https:\/\/www.ernstbrunn-apotheke.at\/katalog\/wp-json\/wp\/v2\/product_cat?post=78198"},{"taxonomy":"product_tag","embeddable":true,"href":"https:\/\/www.ernstbrunn-apotheke.at\/katalog\/wp-json\/wp\/v2\/product_tag?post=78198"}],"curies":[{"name":"wp","href":"https:\/\/api.w.org\/{rel}","templated":true}]}}