{"id":78156,"date":"2025-11-11T22:11:54","date_gmt":"2025-11-11T21:11:54","guid":{"rendered":"https:\/\/www.ernstbrunn-apotheke.at\/katalog\/produkt\/chili-extrakt-100mg-kapseln\/"},"modified":"2025-12-08T18:57:35","modified_gmt":"2025-12-08T17:57:35","slug":"chili-extrakt-100mg-kapseln","status":"publish","type":"product","link":"https:\/\/www.ernstbrunn-apotheke.at\/katalog\/produkt\/chili-extrakt-100mg-kapseln\/","title":{"rendered":"Chili &#8211; Extrakt 100mg Kapseln"},"content":{"rendered":"<p>Gall Pharma Chili Extrakt 100 mg Kapseln 90 Stk. enthalten 100 mg Capsimax Extrakt, standardisiert auf 2 % Capsaicinoide in einer Hartgelatinekapsel. Chili Extrakt kann bei Di\u00e4ten f\u00f6rderlich sein, denn es vermindert einerseits die Aufnahme von Kalorien und reduziert das Hungergef\u00fchl, welches bei Di\u00e4ten ein spezielles Problem darstellt. Capsaicinoide erh\u00f6hen den Fettstoffwechsel und f\u00f6rdern so die Fettverbrennung. Zudem kann der Kalorienverbrauch am besten in Kombination mit sportlichem Workout erh\u00f6ht werden.<\/p>\n","protected":false},"excerpt":{"rendered":"<p>Gall Pharma Chili Extrakt 100 mg Kapseln 90 Stk. enthalten 100 mg Capsimax Extrakt, standardisiert auf 2 % Capsaicinoide in einer Hartgelatinekapsel. Chili Extrakt kann bei Di\u00e4ten f\u00f6rderlich sein, denn es vermindert einerseits die Aufnahme von Kalorien und reduziert das Hungergef\u00fchl, welches bei Di\u00e4ten ein spezielles Problem darstellt. Capsaicinoide erh\u00f6hen den Fettstoffwechsel und f\u00f6rdern so [&hellip;]<\/p>\n","protected":false},"featured_media":78158,"template":"","meta":{"_acf_changed":false},"product_brand":[371],"product_cat":[812],"product_tag":[],"class_list":{"0":"post-78156","1":"product","2":"type-product","3":"status-publish","4":"has-post-thumbnail","6":"product_brand-gall-pharma","7":"product_cat-c","8":"pa_packungsgroesse-90-stueck","10":"first","11":"instock","12":"shipping-taxable","13":"purchasable","14":"product-type-simple"},"acf":[],"_links":{"self":[{"href":"https:\/\/www.ernstbrunn-apotheke.at\/katalog\/wp-json\/wp\/v2\/product\/78156","targetHints":{"allow":["GET"]}}],"collection":[{"href":"https:\/\/www.ernstbrunn-apotheke.at\/katalog\/wp-json\/wp\/v2\/product"}],"about":[{"href":"https:\/\/www.ernstbrunn-apotheke.at\/katalog\/wp-json\/wp\/v2\/types\/product"}],"wp:featuredmedia":[{"embeddable":true,"href":"https:\/\/www.ernstbrunn-apotheke.at\/katalog\/wp-json\/wp\/v2\/media\/78158"}],"wp:attachment":[{"href":"https:\/\/www.ernstbrunn-apotheke.at\/katalog\/wp-json\/wp\/v2\/media?parent=78156"}],"wp:term":[{"taxonomy":"product_brand","embeddable":true,"href":"https:\/\/www.ernstbrunn-apotheke.at\/katalog\/wp-json\/wp\/v2\/product_brand?post=78156"},{"taxonomy":"product_cat","embeddable":true,"href":"https:\/\/www.ernstbrunn-apotheke.at\/katalog\/wp-json\/wp\/v2\/product_cat?post=78156"},{"taxonomy":"product_tag","embeddable":true,"href":"https:\/\/www.ernstbrunn-apotheke.at\/katalog\/wp-json\/wp\/v2\/product_tag?post=78156"}],"curies":[{"name":"wp","href":"https:\/\/api.w.org\/{rel}","templated":true}]}}