{"id":78136,"date":"2025-11-11T22:11:54","date_gmt":"2025-11-11T21:11:54","guid":{"rendered":"https:\/\/www.ernstbrunn-apotheke.at\/katalog\/produkt\/wellness-propolis-tropfen\/"},"modified":"2025-12-08T18:57:28","modified_gmt":"2025-12-08T17:57:28","slug":"wellness-propolis-tropfen","status":"publish","type":"product","link":"https:\/\/www.ernstbrunn-apotheke.at\/katalog\/produkt\/wellness-propolis-tropfen\/","title":{"rendered":"Wellness Propolis Tropfen"},"content":{"rendered":"<p>Wellness Propolis Tropfen &#8211; Vitalstoffe aus dem Birkenstock: Propolis ist das von Bienen gesammelte Knospenharz, das mit eigenem Dr\u00fcsensaft zu einem Kittharz vermischt wird. An verschiedenen Stellen im Bienenstock abgelegt, dient es den Tieren als Schutz vor widrigen Umwelteinfl\u00fcssen. Bereits seit dem Altertum wird dieses kostbare Naturprodukt auch vom Menschen gesch\u00e4tzt. propolis kann sowhl eingenommen als auch \u00e4u\u00dferlich angewendet werden.<\/p>\n","protected":false},"excerpt":{"rendered":"<p>Wellness Propolis Tropfen &#8211; Vitalstoffe aus dem Birkenstock: Propolis ist das von Bienen gesammelte Knospenharz, das mit eigenem Dr\u00fcsensaft zu einem Kittharz vermischt wird. An verschiedenen Stellen im Bienenstock abgelegt, dient es den Tieren als Schutz vor widrigen Umwelteinfl\u00fcssen. Bereits seit dem Altertum wird dieses kostbare Naturprodukt auch vom Menschen gesch\u00e4tzt. propolis kann sowhl eingenommen [&hellip;]<\/p>\n","protected":false},"featured_media":78138,"template":"","meta":{"_acf_changed":false},"product_brand":[],"product_cat":[796],"product_tag":[],"class_list":{"0":"post-78136","1":"product","2":"type-product","3":"status-publish","4":"has-post-thumbnail","6":"product_cat-w","7":"pa_packungsgroesse-50ml","9":"first","10":"instock","11":"shipping-taxable","12":"purchasable","13":"product-type-simple"},"acf":[],"_links":{"self":[{"href":"https:\/\/www.ernstbrunn-apotheke.at\/katalog\/wp-json\/wp\/v2\/product\/78136","targetHints":{"allow":["GET"]}}],"collection":[{"href":"https:\/\/www.ernstbrunn-apotheke.at\/katalog\/wp-json\/wp\/v2\/product"}],"about":[{"href":"https:\/\/www.ernstbrunn-apotheke.at\/katalog\/wp-json\/wp\/v2\/types\/product"}],"wp:featuredmedia":[{"embeddable":true,"href":"https:\/\/www.ernstbrunn-apotheke.at\/katalog\/wp-json\/wp\/v2\/media\/78138"}],"wp:attachment":[{"href":"https:\/\/www.ernstbrunn-apotheke.at\/katalog\/wp-json\/wp\/v2\/media?parent=78136"}],"wp:term":[{"taxonomy":"product_brand","embeddable":true,"href":"https:\/\/www.ernstbrunn-apotheke.at\/katalog\/wp-json\/wp\/v2\/product_brand?post=78136"},{"taxonomy":"product_cat","embeddable":true,"href":"https:\/\/www.ernstbrunn-apotheke.at\/katalog\/wp-json\/wp\/v2\/product_cat?post=78136"},{"taxonomy":"product_tag","embeddable":true,"href":"https:\/\/www.ernstbrunn-apotheke.at\/katalog\/wp-json\/wp\/v2\/product_tag?post=78136"}],"curies":[{"name":"wp","href":"https:\/\/api.w.org\/{rel}","templated":true}]}}