{"id":78079,"date":"2025-11-11T22:10:35","date_gmt":"2025-11-11T21:10:35","guid":{"rendered":"https:\/\/www.ernstbrunn-apotheke.at\/katalog\/produkt\/artischocken-bitter-alkoholfrei-250-ml\/"},"modified":"2025-12-08T18:57:07","modified_gmt":"2025-12-08T17:57:07","slug":"artischocken-bitter-alkoholfrei-250-ml","status":"publish","type":"product","link":"https:\/\/www.ernstbrunn-apotheke.at\/katalog\/produkt\/artischocken-bitter-alkoholfrei-250-ml\/","title":{"rendered":"Artischocken-Bitter alkoholfrei 250 ml"},"content":{"rendered":"<p>Artischocken-Bitter alkoholfrei enth\u00e4lt neben der Artischocke weitere bew\u00e4hrte Bitterkr\u00e4uter. Er schmeckt angenehm aromatisch und herb w\u00fcrzig. Bereits seit dem 16. Jahrhundert kennt und sch\u00e4tzt man die in der Artischocke enthaltenen Bitterstoffe, die helfen, die Verdauung zu unterst\u00fctzen.<\/p>\n","protected":false},"excerpt":{"rendered":"<p>Artischocken-Bitter alkoholfrei enth\u00e4lt neben der Artischocke weitere bew\u00e4hrte Bitterkr\u00e4uter. Er schmeckt angenehm aromatisch und herb w\u00fcrzig. Bereits seit dem 16. Jahrhundert kennt und sch\u00e4tzt man die in der Artischocke enthaltenen Bitterstoffe, die helfen, die Verdauung zu unterst\u00fctzen.<\/p>\n","protected":false},"featured_media":78081,"template":"","meta":{"_acf_changed":false},"product_brand":[],"product_cat":[801],"product_tag":[],"class_list":{"0":"post-78079","1":"product","2":"type-product","3":"status-publish","4":"has-post-thumbnail","6":"product_cat-a","7":"pa_packungsgroesse-250ml","9":"first","10":"instock","11":"shipping-taxable","12":"purchasable","13":"product-type-simple"},"acf":[],"_links":{"self":[{"href":"https:\/\/www.ernstbrunn-apotheke.at\/katalog\/wp-json\/wp\/v2\/product\/78079","targetHints":{"allow":["GET"]}}],"collection":[{"href":"https:\/\/www.ernstbrunn-apotheke.at\/katalog\/wp-json\/wp\/v2\/product"}],"about":[{"href":"https:\/\/www.ernstbrunn-apotheke.at\/katalog\/wp-json\/wp\/v2\/types\/product"}],"wp:featuredmedia":[{"embeddable":true,"href":"https:\/\/www.ernstbrunn-apotheke.at\/katalog\/wp-json\/wp\/v2\/media\/78081"}],"wp:attachment":[{"href":"https:\/\/www.ernstbrunn-apotheke.at\/katalog\/wp-json\/wp\/v2\/media?parent=78079"}],"wp:term":[{"taxonomy":"product_brand","embeddable":true,"href":"https:\/\/www.ernstbrunn-apotheke.at\/katalog\/wp-json\/wp\/v2\/product_brand?post=78079"},{"taxonomy":"product_cat","embeddable":true,"href":"https:\/\/www.ernstbrunn-apotheke.at\/katalog\/wp-json\/wp\/v2\/product_cat?post=78079"},{"taxonomy":"product_tag","embeddable":true,"href":"https:\/\/www.ernstbrunn-apotheke.at\/katalog\/wp-json\/wp\/v2\/product_tag?post=78079"}],"curies":[{"name":"wp","href":"https:\/\/api.w.org\/{rel}","templated":true}]}}