{"id":7804,"date":"2025-11-07T13:31:17","date_gmt":"2025-11-07T12:31:17","guid":{"rendered":"https:\/\/www.ernstbrunn-apotheke.at\/katalog\/produkt\/holzhacker-latschenkiefer-murmeltieroel-salbe\/"},"modified":"2025-12-08T13:24:27","modified_gmt":"2025-12-08T12:24:27","slug":"holzhacker-latschenkiefer-murmeltieroel-salbe","status":"publish","type":"product","link":"https:\/\/www.ernstbrunn-apotheke.at\/katalog\/produkt\/holzhacker-latschenkiefer-murmeltieroel-salbe\/","title":{"rendered":"Holzhacker LATSCHENKIEFER &#8211; MURMELTIER\u00d6L &#8211; Salbe"},"content":{"rendered":"<p>Die Holzhacker Latschenkiefer Murmeltier\u00f6lsalbe hilft durch ihre ausgew\u00e4hlten Wirkstoffe bei M\u00fcdigkeit und Angespanntheit von \u00fcberbeanspruchten K\u00f6rperpartien. Sie eignet sich hervorragend zur Belebung und Erfrischung nach sportlichen Aktivit\u00e4ten, zur Vitalisierung strapazierter Gelenke und Muskeln, gegen Verspannungen von R\u00fccken, Nacken und Schultern und allgemein als vitalisierende Hautpflege. Die reichhaltige Salbe ist frei von Paraffinen, Parabenen und Farbstoffen und enth\u00e4lt ausschlie\u00dflich Rohstoffe gepr\u00fcfter Qualit\u00e4t..<\/p>\n","protected":false},"excerpt":{"rendered":"<p>Die Holzhacker Latschenkiefer Murmeltier\u00f6lsalbe hilft durch ihre ausgew\u00e4hlten Wirkstoffe bei M\u00fcdigkeit und Angespanntheit von \u00fcberbeanspruchten K\u00f6rperpartien. Sie eignet sich hervorragend zur Belebung und Erfrischung nach sportlichen Aktivit\u00e4ten, zur Vitalisierung strapazierter Gelenke und Muskeln, gegen Verspannungen von R\u00fccken, Nacken und Schultern und allgemein als vitalisierende Hautpflege. Die reichhaltige Salbe ist frei von Paraffinen, Parabenen und Farbstoffen [&hellip;]<\/p>\n","protected":false},"featured_media":7806,"template":"","meta":{"_acf_changed":false},"product_brand":[],"product_cat":[805],"product_tag":[],"class_list":{"0":"post-7804","1":"product","2":"type-product","3":"status-publish","4":"has-post-thumbnail","6":"product_cat-h","7":"pa_packungsgroesse-150ml","9":"first","10":"instock","11":"shipping-taxable","12":"purchasable","13":"product-type-simple"},"acf":[],"_links":{"self":[{"href":"https:\/\/www.ernstbrunn-apotheke.at\/katalog\/wp-json\/wp\/v2\/product\/7804","targetHints":{"allow":["GET"]}}],"collection":[{"href":"https:\/\/www.ernstbrunn-apotheke.at\/katalog\/wp-json\/wp\/v2\/product"}],"about":[{"href":"https:\/\/www.ernstbrunn-apotheke.at\/katalog\/wp-json\/wp\/v2\/types\/product"}],"wp:featuredmedia":[{"embeddable":true,"href":"https:\/\/www.ernstbrunn-apotheke.at\/katalog\/wp-json\/wp\/v2\/media\/7806"}],"wp:attachment":[{"href":"https:\/\/www.ernstbrunn-apotheke.at\/katalog\/wp-json\/wp\/v2\/media?parent=7804"}],"wp:term":[{"taxonomy":"product_brand","embeddable":true,"href":"https:\/\/www.ernstbrunn-apotheke.at\/katalog\/wp-json\/wp\/v2\/product_brand?post=7804"},{"taxonomy":"product_cat","embeddable":true,"href":"https:\/\/www.ernstbrunn-apotheke.at\/katalog\/wp-json\/wp\/v2\/product_cat?post=7804"},{"taxonomy":"product_tag","embeddable":true,"href":"https:\/\/www.ernstbrunn-apotheke.at\/katalog\/wp-json\/wp\/v2\/product_tag?post=7804"}],"curies":[{"name":"wp","href":"https:\/\/api.w.org\/{rel}","templated":true}]}}