{"id":77989,"date":"2025-11-11T22:09:06","date_gmt":"2025-11-11T21:09:06","guid":{"rendered":"https:\/\/www.ernstbrunn-apotheke.at\/katalog\/produkt\/adler-bachblueten-white-chestnut-tropfen-10-ml\/"},"modified":"2025-12-08T18:56:32","modified_gmt":"2025-12-08T17:56:32","slug":"adler-bachblueten-white-chestnut-tropfen-10-ml","status":"publish","type":"product","link":"https:\/\/www.ernstbrunn-apotheke.at\/katalog\/produkt\/adler-bachblueten-white-chestnut-tropfen-10-ml\/","title":{"rendered":"Adler Bachbl\u00fcten White Chestnut Tropfen 10 ml"},"content":{"rendered":"<p>Adler Bachbl\u00fcten White Chestnut Tropfen 10 ml sind Teil der &#8222;Zweiten Neunzehn&#8220; Bachbl\u00fctenessenzen, die mit Gem\u00fctszust\u00e4nden verwandt sind und sich auf allt\u00e4gliche Situationen beziehen. White Chestnut Tropfen eignen sich besonders f\u00fcr Menschen, die von bestimmten, meist unangenehmen Gedanken oder Vorstellungen tyrannisiert werden und k\u00f6nnen bei Schlafst\u00f6rungen, Konzentrationsst\u00f6rungen und Kopfschmerzen durch geistige \u00dcberbeanspruchung unterst\u00fctzend wirken &#8211; jetzt alle Bachbl\u00fctenessenzen von Adler zu g\u00fcnstigen Preisen online bestellen!<\/p>\n","protected":false},"excerpt":{"rendered":"<p>Adler Bachbl\u00fcten White Chestnut Tropfen 10 ml sind Teil der &#8222;Zweiten Neunzehn&#8220; Bachbl\u00fctenessenzen, die mit Gem\u00fctszust\u00e4nden verwandt sind und sich auf allt\u00e4gliche Situationen beziehen. White Chestnut Tropfen eignen sich besonders f\u00fcr Menschen, die von bestimmten, meist unangenehmen Gedanken oder Vorstellungen tyrannisiert werden und k\u00f6nnen bei Schlafst\u00f6rungen, Konzentrationsst\u00f6rungen und Kopfschmerzen durch geistige \u00dcberbeanspruchung unterst\u00fctzend wirken &#8211; [&hellip;]<\/p>\n","protected":false},"featured_media":77991,"template":"","meta":{"_acf_changed":false},"product_brand":[928],"product_cat":[801],"product_tag":[],"class_list":{"0":"post-77989","1":"product","2":"type-product","3":"status-publish","4":"has-post-thumbnail","6":"product_brand-adler-pharma","7":"product_cat-a","8":"pa_packungsgroesse-10ml","10":"first","11":"instock","12":"shipping-taxable","13":"purchasable","14":"product-type-simple"},"acf":[],"_links":{"self":[{"href":"https:\/\/www.ernstbrunn-apotheke.at\/katalog\/wp-json\/wp\/v2\/product\/77989","targetHints":{"allow":["GET"]}}],"collection":[{"href":"https:\/\/www.ernstbrunn-apotheke.at\/katalog\/wp-json\/wp\/v2\/product"}],"about":[{"href":"https:\/\/www.ernstbrunn-apotheke.at\/katalog\/wp-json\/wp\/v2\/types\/product"}],"wp:featuredmedia":[{"embeddable":true,"href":"https:\/\/www.ernstbrunn-apotheke.at\/katalog\/wp-json\/wp\/v2\/media\/77991"}],"wp:attachment":[{"href":"https:\/\/www.ernstbrunn-apotheke.at\/katalog\/wp-json\/wp\/v2\/media?parent=77989"}],"wp:term":[{"taxonomy":"product_brand","embeddable":true,"href":"https:\/\/www.ernstbrunn-apotheke.at\/katalog\/wp-json\/wp\/v2\/product_brand?post=77989"},{"taxonomy":"product_cat","embeddable":true,"href":"https:\/\/www.ernstbrunn-apotheke.at\/katalog\/wp-json\/wp\/v2\/product_cat?post=77989"},{"taxonomy":"product_tag","embeddable":true,"href":"https:\/\/www.ernstbrunn-apotheke.at\/katalog\/wp-json\/wp\/v2\/product_tag?post=77989"}],"curies":[{"name":"wp","href":"https:\/\/api.w.org\/{rel}","templated":true}]}}