{"id":77974,"date":"2025-11-11T22:08:46","date_gmt":"2025-11-11T21:08:46","guid":{"rendered":"https:\/\/www.ernstbrunn-apotheke.at\/katalog\/produkt\/seife-speick-arztseife-fluessig-dispenser-300-ml\/"},"modified":"2025-12-08T18:56:24","modified_gmt":"2025-12-08T17:56:24","slug":"seife-speick-arztseife-fluessig-dispenser-300-ml","status":"publish","type":"product","link":"https:\/\/www.ernstbrunn-apotheke.at\/katalog\/produkt\/seife-speick-arztseife-fluessig-dispenser-300-ml\/","title":{"rendered":"Seife Speick Arztseife Fl\u00fcssig + Dispenser 300 ml"},"content":{"rendered":"<p>Die SPEICK Arztseife Fl\u00fcssig mit Dispenser ist eine sanfte Waschpflege, speziell f\u00fcr die empfindliche Haut entwickelt. Die Original Pflanzen\u00f6l- Arztseife fl\u00fcssig reinigt beanspruchte und empfindliche Haut mit milden pflanzlichen Waschrohstoffen besonders schonend. Provitamin B5 wirkt beruhigend und regenerierend. Auch bei h\u00e4ufigem H\u00e4ndewaschen bleibt die Haut weich und geschmeidig..<\/p>\n","protected":false},"excerpt":{"rendered":"<p>Die SPEICK Arztseife Fl\u00fcssig mit Dispenser ist eine sanfte Waschpflege, speziell f\u00fcr die empfindliche Haut entwickelt. Die Original Pflanzen\u00f6l- Arztseife fl\u00fcssig reinigt beanspruchte und empfindliche Haut mit milden pflanzlichen Waschrohstoffen besonders schonend. Provitamin B5 wirkt beruhigend und regenerierend. Auch bei h\u00e4ufigem H\u00e4ndewaschen bleibt die Haut weich und geschmeidig..<\/p>\n","protected":false},"featured_media":77976,"template":"","meta":{"_acf_changed":false},"product_brand":[],"product_cat":[791],"product_tag":[],"class_list":{"0":"post-77974","1":"product","2":"type-product","3":"status-publish","4":"has-post-thumbnail","6":"product_cat-s","7":"pa_packungsgroesse-300ml","9":"first","10":"instock","11":"shipping-taxable","12":"purchasable","13":"product-type-simple"},"acf":[],"_links":{"self":[{"href":"https:\/\/www.ernstbrunn-apotheke.at\/katalog\/wp-json\/wp\/v2\/product\/77974","targetHints":{"allow":["GET"]}}],"collection":[{"href":"https:\/\/www.ernstbrunn-apotheke.at\/katalog\/wp-json\/wp\/v2\/product"}],"about":[{"href":"https:\/\/www.ernstbrunn-apotheke.at\/katalog\/wp-json\/wp\/v2\/types\/product"}],"wp:featuredmedia":[{"embeddable":true,"href":"https:\/\/www.ernstbrunn-apotheke.at\/katalog\/wp-json\/wp\/v2\/media\/77976"}],"wp:attachment":[{"href":"https:\/\/www.ernstbrunn-apotheke.at\/katalog\/wp-json\/wp\/v2\/media?parent=77974"}],"wp:term":[{"taxonomy":"product_brand","embeddable":true,"href":"https:\/\/www.ernstbrunn-apotheke.at\/katalog\/wp-json\/wp\/v2\/product_brand?post=77974"},{"taxonomy":"product_cat","embeddable":true,"href":"https:\/\/www.ernstbrunn-apotheke.at\/katalog\/wp-json\/wp\/v2\/product_cat?post=77974"},{"taxonomy":"product_tag","embeddable":true,"href":"https:\/\/www.ernstbrunn-apotheke.at\/katalog\/wp-json\/wp\/v2\/product_tag?post=77974"}],"curies":[{"name":"wp","href":"https:\/\/api.w.org\/{rel}","templated":true}]}}