{"id":77892,"date":"2025-11-11T22:06:56","date_gmt":"2025-11-11T21:06:56","guid":{"rendered":"https:\/\/www.ernstbrunn-apotheke.at\/katalog\/produkt\/orthovisc-3-stk\/"},"modified":"2025-12-08T18:55:56","modified_gmt":"2025-12-08T17:55:56","slug":"orthovisc-3-stk","status":"publish","type":"product","link":"https:\/\/www.ernstbrunn-apotheke.at\/katalog\/produkt\/orthovisc-3-stk\/","title":{"rendered":"Orthovisc 3 Stk."},"content":{"rendered":"<p>Orthovisc ist ein hochreines Hyalurons\u00e4urepr\u00e4parat, das bei Arthrose die Gelenkfunktion verbessert. Au\u00dferdem tr\u00e4gt es zur langanhaltenden Schmerzlinderung bei und h\u00e4lt zudem den fortschreitenden Degenerationsprozess im Knorpel auf.<\/p>\n","protected":false},"excerpt":{"rendered":"<p>Orthovisc ist ein hochreines Hyalurons\u00e4urepr\u00e4parat, das bei Arthrose die Gelenkfunktion verbessert. Au\u00dferdem tr\u00e4gt es zur langanhaltenden Schmerzlinderung bei und h\u00e4lt zudem den fortschreitenden Degenerationsprozess im Knorpel auf.<\/p>\n","protected":false},"featured_media":77894,"template":"","meta":{"_acf_changed":false},"product_brand":[],"product_cat":[819],"product_tag":[],"class_list":{"0":"post-77892","1":"product","2":"type-product","3":"status-publish","4":"has-post-thumbnail","6":"product_cat-o","7":"pa_packungsgroesse-3-stueck","9":"first","10":"instock","11":"shipping-taxable","12":"purchasable","13":"product-type-simple"},"acf":[],"_links":{"self":[{"href":"https:\/\/www.ernstbrunn-apotheke.at\/katalog\/wp-json\/wp\/v2\/product\/77892","targetHints":{"allow":["GET"]}}],"collection":[{"href":"https:\/\/www.ernstbrunn-apotheke.at\/katalog\/wp-json\/wp\/v2\/product"}],"about":[{"href":"https:\/\/www.ernstbrunn-apotheke.at\/katalog\/wp-json\/wp\/v2\/types\/product"}],"wp:featuredmedia":[{"embeddable":true,"href":"https:\/\/www.ernstbrunn-apotheke.at\/katalog\/wp-json\/wp\/v2\/media\/77894"}],"wp:attachment":[{"href":"https:\/\/www.ernstbrunn-apotheke.at\/katalog\/wp-json\/wp\/v2\/media?parent=77892"}],"wp:term":[{"taxonomy":"product_brand","embeddable":true,"href":"https:\/\/www.ernstbrunn-apotheke.at\/katalog\/wp-json\/wp\/v2\/product_brand?post=77892"},{"taxonomy":"product_cat","embeddable":true,"href":"https:\/\/www.ernstbrunn-apotheke.at\/katalog\/wp-json\/wp\/v2\/product_cat?post=77892"},{"taxonomy":"product_tag","embeddable":true,"href":"https:\/\/www.ernstbrunn-apotheke.at\/katalog\/wp-json\/wp\/v2\/product_tag?post=77892"}],"curies":[{"name":"wp","href":"https:\/\/api.w.org\/{rel}","templated":true}]}}