{"id":77865,"date":"2025-11-11T22:06:15","date_gmt":"2025-11-11T21:06:15","guid":{"rendered":"https:\/\/www.ernstbrunn-apotheke.at\/katalog\/produkt\/l-erbo-handcreme-zitrone-75-ml\/"},"modified":"2025-12-08T18:55:45","modified_gmt":"2025-12-08T17:55:45","slug":"l-erbo-handcreme-zitrone-75-ml","status":"publish","type":"product","link":"https:\/\/www.ernstbrunn-apotheke.at\/katalog\/produkt\/l-erbo-handcreme-zitrone-75-ml\/","title":{"rendered":"L ERBO HANDCREME ZITRONE 75 ML"},"content":{"rendered":"<p>L&#8217;Erbolario Handcreme bietet eine umfassende Sch\u00f6nheitsbehandlung f\u00fcr die H\u00e4nde. Sie zieht sofort ein und bildet einen unsichtbaren Schutz gegen Angriffe von au\u00dfen. Die Creme hinterl\u00e4sst dank ihrer speziellen Komposition, die mit Glycerin angereichert ist, eine Haut, die j\u00fcnger und attraktiver ist. Der Zitronenextrakt garantiert perfekte Reinheit und hellt den Teint auf.<\/p>\n","protected":false},"excerpt":{"rendered":"<p>L&#8217;Erbolario Handcreme bietet eine umfassende Sch\u00f6nheitsbehandlung f\u00fcr die H\u00e4nde. Sie zieht sofort ein und bildet einen unsichtbaren Schutz gegen Angriffe von au\u00dfen. Die Creme hinterl\u00e4sst dank ihrer speziellen Komposition, die mit Glycerin angereichert ist, eine Haut, die j\u00fcnger und attraktiver ist. Der Zitronenextrakt garantiert perfekte Reinheit und hellt den Teint auf.<\/p>\n","protected":false},"featured_media":77867,"template":"","meta":{"_acf_changed":false},"product_brand":[725],"product_cat":[795],"product_tag":[],"class_list":{"0":"post-77865","1":"product","2":"type-product","3":"status-publish","4":"has-post-thumbnail","6":"product_brand-lerbolario","7":"product_cat-l","8":"pa_packungsgroesse-75ml","10":"first","11":"instock","12":"shipping-taxable","13":"purchasable","14":"product-type-simple"},"acf":[],"_links":{"self":[{"href":"https:\/\/www.ernstbrunn-apotheke.at\/katalog\/wp-json\/wp\/v2\/product\/77865","targetHints":{"allow":["GET"]}}],"collection":[{"href":"https:\/\/www.ernstbrunn-apotheke.at\/katalog\/wp-json\/wp\/v2\/product"}],"about":[{"href":"https:\/\/www.ernstbrunn-apotheke.at\/katalog\/wp-json\/wp\/v2\/types\/product"}],"wp:featuredmedia":[{"embeddable":true,"href":"https:\/\/www.ernstbrunn-apotheke.at\/katalog\/wp-json\/wp\/v2\/media\/77867"}],"wp:attachment":[{"href":"https:\/\/www.ernstbrunn-apotheke.at\/katalog\/wp-json\/wp\/v2\/media?parent=77865"}],"wp:term":[{"taxonomy":"product_brand","embeddable":true,"href":"https:\/\/www.ernstbrunn-apotheke.at\/katalog\/wp-json\/wp\/v2\/product_brand?post=77865"},{"taxonomy":"product_cat","embeddable":true,"href":"https:\/\/www.ernstbrunn-apotheke.at\/katalog\/wp-json\/wp\/v2\/product_cat?post=77865"},{"taxonomy":"product_tag","embeddable":true,"href":"https:\/\/www.ernstbrunn-apotheke.at\/katalog\/wp-json\/wp\/v2\/product_tag?post=77865"}],"curies":[{"name":"wp","href":"https:\/\/api.w.org\/{rel}","templated":true}]}}