{"id":77860,"date":"2025-11-11T22:06:15","date_gmt":"2025-11-11T21:06:15","guid":{"rendered":"https:\/\/www.ernstbrunn-apotheke.at\/katalog\/produkt\/weissdorn-kapseln-450mg-extrakt-90-stk\/"},"modified":"2025-12-08T18:55:43","modified_gmt":"2025-12-08T17:55:43","slug":"weissdorn-kapseln-450mg-extrakt-90-stk","status":"publish","type":"product","link":"https:\/\/www.ernstbrunn-apotheke.at\/katalog\/produkt\/weissdorn-kapseln-450mg-extrakt-90-stk\/","title":{"rendered":"Weissdorn Kapseln 450mg Extrakt 90 Stk."},"content":{"rendered":"<p>Weissdorn Kapseln 450mg Extrakt sind ein Nahrungserg\u00e4nzungsmittel aus Wei\u00dfdorn Fruchtextrakt. Der Wei\u00dfdorn ist seit Jahrhunderten als wertvolle Heilpflanze bekannt und im Gebrauch. Unsere Wei\u00dfdorn Kapseln enthalten einen hochdosierten Trockenextrakt aus Wei\u00dfdornfr\u00fcchten.<\/p>\n","protected":false},"excerpt":{"rendered":"<p>Weissdorn Kapseln 450mg Extrakt sind ein Nahrungserg\u00e4nzungsmittel aus Wei\u00dfdorn Fruchtextrakt. Der Wei\u00dfdorn ist seit Jahrhunderten als wertvolle Heilpflanze bekannt und im Gebrauch. Unsere Wei\u00dfdorn Kapseln enthalten einen hochdosierten Trockenextrakt aus Wei\u00dfdornfr\u00fcchten.<\/p>\n","protected":false},"featured_media":77862,"template":"","meta":{"_acf_changed":false},"product_brand":[],"product_cat":[796],"product_tag":[],"class_list":{"0":"post-77860","1":"product","2":"type-product","3":"status-publish","4":"has-post-thumbnail","6":"product_cat-w","7":"pa_packungsgroesse-90-stueck","9":"first","10":"instock","11":"shipping-taxable","12":"purchasable","13":"product-type-simple"},"acf":[],"_links":{"self":[{"href":"https:\/\/www.ernstbrunn-apotheke.at\/katalog\/wp-json\/wp\/v2\/product\/77860","targetHints":{"allow":["GET"]}}],"collection":[{"href":"https:\/\/www.ernstbrunn-apotheke.at\/katalog\/wp-json\/wp\/v2\/product"}],"about":[{"href":"https:\/\/www.ernstbrunn-apotheke.at\/katalog\/wp-json\/wp\/v2\/types\/product"}],"wp:featuredmedia":[{"embeddable":true,"href":"https:\/\/www.ernstbrunn-apotheke.at\/katalog\/wp-json\/wp\/v2\/media\/77862"}],"wp:attachment":[{"href":"https:\/\/www.ernstbrunn-apotheke.at\/katalog\/wp-json\/wp\/v2\/media?parent=77860"}],"wp:term":[{"taxonomy":"product_brand","embeddable":true,"href":"https:\/\/www.ernstbrunn-apotheke.at\/katalog\/wp-json\/wp\/v2\/product_brand?post=77860"},{"taxonomy":"product_cat","embeddable":true,"href":"https:\/\/www.ernstbrunn-apotheke.at\/katalog\/wp-json\/wp\/v2\/product_cat?post=77860"},{"taxonomy":"product_tag","embeddable":true,"href":"https:\/\/www.ernstbrunn-apotheke.at\/katalog\/wp-json\/wp\/v2\/product_tag?post=77860"}],"curies":[{"name":"wp","href":"https:\/\/api.w.org\/{rel}","templated":true}]}}