{"id":77847,"date":"2025-11-11T22:06:15","date_gmt":"2025-11-11T21:06:15","guid":{"rendered":"https:\/\/www.ernstbrunn-apotheke.at\/katalog\/produkt\/speick-natural-aktiv-deo-spray-75-ml\/"},"modified":"2025-12-08T18:55:41","modified_gmt":"2025-12-08T17:55:41","slug":"speick-natural-aktiv-deo-spray-75-ml","status":"publish","type":"product","link":"https:\/\/www.ernstbrunn-apotheke.at\/katalog\/produkt\/speick-natural-aktiv-deo-spray-75-ml\/","title":{"rendered":"Speick Natural Aktiv Deo Spray 75 ml"},"content":{"rendered":"<p>Pflegendes Deo Spray mit effektiver Langzeitwirkung. Sch\u00fctzt zuverl\u00e4ssig und pflegt mit fein-fruchtigem Duft. Die nat\u00fcrliche Wirkformel mit dem deodorierenden Extrakt aus Bio-Salbei l\u00e4sst die Haut atmen und reguliert gleichzeitig die Transpiration. Jedes Speick-Produkt enth\u00e4lt den einzigartigen Extrakt der hochalpinen Speick-Pflanze aus kontrolliert biologischer Wildsammlung (kbW). Glasflasche mit Pumpzerst\u00e4uber und Kappe aus PP. F\u00fcr optimales Recycling getrennt voneinander im Altglas und im Recyclingabfall entsorgen. Ohne Aluminiumsalze, synthetische Duft-und Farbstoffe, Silikone, Parabene und Mineral\u00f6le. 99,9% nat\u00fcrlicher Ursprung im Gesamtprodukt. Gluten- und laktosefrei. Dermatologisch allergologisch getestet..<\/p>\n","protected":false},"excerpt":{"rendered":"<p>Pflegendes Deo Spray mit effektiver Langzeitwirkung. Sch\u00fctzt zuverl\u00e4ssig und pflegt mit fein-fruchtigem Duft. Die nat\u00fcrliche Wirkformel mit dem deodorierenden Extrakt aus Bio-Salbei l\u00e4sst die Haut atmen und reguliert gleichzeitig die Transpiration. Jedes Speick-Produkt enth\u00e4lt den einzigartigen Extrakt der hochalpinen Speick-Pflanze aus kontrolliert biologischer Wildsammlung (kbW). Glasflasche mit Pumpzerst\u00e4uber und Kappe aus PP. F\u00fcr optimales Recycling [&hellip;]<\/p>\n","protected":false},"featured_media":77849,"template":"","meta":{"_acf_changed":false},"product_brand":[],"product_cat":[791],"product_tag":[],"class_list":{"0":"post-77847","1":"product","2":"type-product","3":"status-publish","4":"has-post-thumbnail","6":"product_cat-s","7":"pa_packungsgroesse-75ml","9":"first","10":"instock","11":"shipping-taxable","12":"purchasable","13":"product-type-simple"},"acf":[],"_links":{"self":[{"href":"https:\/\/www.ernstbrunn-apotheke.at\/katalog\/wp-json\/wp\/v2\/product\/77847","targetHints":{"allow":["GET"]}}],"collection":[{"href":"https:\/\/www.ernstbrunn-apotheke.at\/katalog\/wp-json\/wp\/v2\/product"}],"about":[{"href":"https:\/\/www.ernstbrunn-apotheke.at\/katalog\/wp-json\/wp\/v2\/types\/product"}],"wp:featuredmedia":[{"embeddable":true,"href":"https:\/\/www.ernstbrunn-apotheke.at\/katalog\/wp-json\/wp\/v2\/media\/77849"}],"wp:attachment":[{"href":"https:\/\/www.ernstbrunn-apotheke.at\/katalog\/wp-json\/wp\/v2\/media?parent=77847"}],"wp:term":[{"taxonomy":"product_brand","embeddable":true,"href":"https:\/\/www.ernstbrunn-apotheke.at\/katalog\/wp-json\/wp\/v2\/product_brand?post=77847"},{"taxonomy":"product_cat","embeddable":true,"href":"https:\/\/www.ernstbrunn-apotheke.at\/katalog\/wp-json\/wp\/v2\/product_cat?post=77847"},{"taxonomy":"product_tag","embeddable":true,"href":"https:\/\/www.ernstbrunn-apotheke.at\/katalog\/wp-json\/wp\/v2\/product_tag?post=77847"}],"curies":[{"name":"wp","href":"https:\/\/api.w.org\/{rel}","templated":true}]}}