{"id":77841,"date":"2025-11-11T22:06:15","date_gmt":"2025-11-11T21:06:15","guid":{"rendered":"https:\/\/www.ernstbrunn-apotheke.at\/katalog\/produkt\/l-erbolario-duschbad-shampoo-250-ml-baobab-796\/"},"modified":"2025-12-08T18:55:36","modified_gmt":"2025-12-08T17:55:36","slug":"l-erbolario-duschbad-shampoo-250-ml-baobab-796","status":"publish","type":"product","link":"https:\/\/www.ernstbrunn-apotheke.at\/katalog\/produkt\/l-erbolario-duschbad-shampoo-250-ml-baobab-796\/","title":{"rendered":"L Erbolario Duschbad &#038; Shampoo 250 ml Baobab 796"},"content":{"rendered":"<p>L&#8217;Erbolario Duschbad &#038; Shampoo enth\u00e4lt pflanzliche Extrakte, welche in diesem duftenden Schaum ihre Haut straffenden und sch\u00fctzenden Eigenschaften entfalten. Ein aromatischer Schaum, der belebt und sch\u00fctz. Eine ideale L\u00f6sung f\u00fcr die Reise, weil 2 in 1. Durch die exzellente Formel ist ein Produkt f\u00fcr Haut und Haar entstanden.erhalten Sie dieses Produkt in den Varianten Felci und Baobab.<\/p>\n","protected":false},"excerpt":{"rendered":"<p>L&#8217;Erbolario Duschbad &#038; Shampoo enth\u00e4lt pflanzliche Extrakte, welche in diesem duftenden Schaum ihre Haut straffenden und sch\u00fctzenden Eigenschaften entfalten. Ein aromatischer Schaum, der belebt und sch\u00fctz. Eine ideale L\u00f6sung f\u00fcr die Reise, weil 2 in 1. Durch die exzellente Formel ist ein Produkt f\u00fcr Haut und Haar entstanden.erhalten Sie dieses Produkt in den Varianten Felci [&hellip;]<\/p>\n","protected":false},"featured_media":0,"template":"","meta":{"_acf_changed":false},"product_brand":[725],"product_cat":[795],"product_tag":[],"class_list":{"0":"post-77841","1":"product","2":"type-product","3":"status-publish","5":"product_brand-lerbolario","6":"product_cat-l","7":"pa_packungsgroesse-250ml","9":"first","10":"instock","11":"shipping-taxable","12":"purchasable","13":"product-type-simple"},"acf":[],"_links":{"self":[{"href":"https:\/\/www.ernstbrunn-apotheke.at\/katalog\/wp-json\/wp\/v2\/product\/77841","targetHints":{"allow":["GET"]}}],"collection":[{"href":"https:\/\/www.ernstbrunn-apotheke.at\/katalog\/wp-json\/wp\/v2\/product"}],"about":[{"href":"https:\/\/www.ernstbrunn-apotheke.at\/katalog\/wp-json\/wp\/v2\/types\/product"}],"wp:attachment":[{"href":"https:\/\/www.ernstbrunn-apotheke.at\/katalog\/wp-json\/wp\/v2\/media?parent=77841"}],"wp:term":[{"taxonomy":"product_brand","embeddable":true,"href":"https:\/\/www.ernstbrunn-apotheke.at\/katalog\/wp-json\/wp\/v2\/product_brand?post=77841"},{"taxonomy":"product_cat","embeddable":true,"href":"https:\/\/www.ernstbrunn-apotheke.at\/katalog\/wp-json\/wp\/v2\/product_cat?post=77841"},{"taxonomy":"product_tag","embeddable":true,"href":"https:\/\/www.ernstbrunn-apotheke.at\/katalog\/wp-json\/wp\/v2\/product_tag?post=77841"}],"curies":[{"name":"wp","href":"https:\/\/api.w.org\/{rel}","templated":true}]}}