{"id":77807,"date":"2025-11-11T22:05:21","date_gmt":"2025-11-11T21:05:21","guid":{"rendered":"https:\/\/www.ernstbrunn-apotheke.at\/katalog\/produkt\/basu-healthcare-meliseptol-hbv-tuecher-nachfuellung-100-stk\/"},"modified":"2025-12-08T18:55:25","modified_gmt":"2025-12-08T17:55:25","slug":"basu-healthcare-meliseptol-hbv-tuecher-nachfuellung-100-stk","status":"publish","type":"product","link":"https:\/\/www.ernstbrunn-apotheke.at\/katalog\/produkt\/basu-healthcare-meliseptol-hbv-tuecher-nachfuellung-100-stk\/","title":{"rendered":"Basu Healthcare Meliseptol Hbv T\u00fccher Nachf\u00fcllung 100 Stk."},"content":{"rendered":"<p>Basu Healthcare Meliseptol Hbv T\u00fccher sind alkoholfreie, gebrauchsfertige T\u00fccher (14 x 20 cm) zur Reinigung und Schnelldesinfektion von alkoholempfindlichen Medizinprodukten.<\/p>\n","protected":false},"excerpt":{"rendered":"<p>Basu Healthcare Meliseptol Hbv T\u00fccher sind alkoholfreie, gebrauchsfertige T\u00fccher (14 x 20 cm) zur Reinigung und Schnelldesinfektion von alkoholempfindlichen Medizinprodukten.<\/p>\n","protected":false},"featured_media":0,"template":"","meta":{"_acf_changed":false},"product_brand":[],"product_cat":[802],"product_tag":[],"class_list":{"0":"post-77807","1":"product","2":"type-product","3":"status-publish","5":"product_cat-b","6":"pa_packungsgroesse-100-stueck","8":"first","9":"instock","10":"shipping-taxable","11":"purchasable","12":"product-type-simple"},"acf":[],"_links":{"self":[{"href":"https:\/\/www.ernstbrunn-apotheke.at\/katalog\/wp-json\/wp\/v2\/product\/77807","targetHints":{"allow":["GET"]}}],"collection":[{"href":"https:\/\/www.ernstbrunn-apotheke.at\/katalog\/wp-json\/wp\/v2\/product"}],"about":[{"href":"https:\/\/www.ernstbrunn-apotheke.at\/katalog\/wp-json\/wp\/v2\/types\/product"}],"wp:attachment":[{"href":"https:\/\/www.ernstbrunn-apotheke.at\/katalog\/wp-json\/wp\/v2\/media?parent=77807"}],"wp:term":[{"taxonomy":"product_brand","embeddable":true,"href":"https:\/\/www.ernstbrunn-apotheke.at\/katalog\/wp-json\/wp\/v2\/product_brand?post=77807"},{"taxonomy":"product_cat","embeddable":true,"href":"https:\/\/www.ernstbrunn-apotheke.at\/katalog\/wp-json\/wp\/v2\/product_cat?post=77807"},{"taxonomy":"product_tag","embeddable":true,"href":"https:\/\/www.ernstbrunn-apotheke.at\/katalog\/wp-json\/wp\/v2\/product_tag?post=77807"}],"curies":[{"name":"wp","href":"https:\/\/api.w.org\/{rel}","templated":true}]}}