{"id":77785,"date":"2025-11-11T22:05:21","date_gmt":"2025-11-11T21:05:21","guid":{"rendered":"https:\/\/www.ernstbrunn-apotheke.at\/katalog\/produkt\/dr-jacobs-b12-mecobalactive-methylcobalamin-tabletten-60-stk\/"},"modified":"2025-12-08T18:55:21","modified_gmt":"2025-12-08T17:55:21","slug":"dr-jacobs-b12-mecobalactive-methylcobalamin-tabletten-60-stk","status":"publish","type":"product","link":"https:\/\/www.ernstbrunn-apotheke.at\/katalog\/produkt\/dr-jacobs-b12-mecobalactive-methylcobalamin-tabletten-60-stk\/","title":{"rendered":"Dr. Jacobs B12 MecobalActive Methylcobalamin Tabletten 60 Stk."},"content":{"rendered":"<p>Dr. Jacob\u2019s B12 MecobalActive Methylcobalamin Tabletten bieten das reinste Vitamin B12 hochdosiert und vegan. Vitamin B12 ist gut f\u00fcr  Nerven, Energie, weniger M\u00fcdigkeit, sowie die Bildung roter Blutk\u00f6rperchen. Die Ideale Erg\u00e4nzung f\u00fcr eine Vegane Ern\u00e4hrung<\/p>\n","protected":false},"excerpt":{"rendered":"<p>Dr. Jacob\u2019s B12 MecobalActive Methylcobalamin Tabletten bieten das reinste Vitamin B12 hochdosiert und vegan. Vitamin B12 ist gut f\u00fcr Nerven, Energie, weniger M\u00fcdigkeit, sowie die Bildung roter Blutk\u00f6rperchen. Die Ideale Erg\u00e4nzung f\u00fcr eine Vegane Ern\u00e4hrung<\/p>\n","protected":false},"featured_media":77787,"template":"","meta":{"_acf_changed":false},"product_brand":[433],"product_cat":[792],"product_tag":[],"class_list":{"0":"post-77785","1":"product","2":"type-product","3":"status-publish","4":"has-post-thumbnail","6":"product_brand-dr-jacobs","7":"product_cat-d","8":"pa_packungsgroesse-60-stueck","10":"first","11":"instock","12":"shipping-taxable","13":"purchasable","14":"product-type-simple"},"acf":[],"_links":{"self":[{"href":"https:\/\/www.ernstbrunn-apotheke.at\/katalog\/wp-json\/wp\/v2\/product\/77785","targetHints":{"allow":["GET"]}}],"collection":[{"href":"https:\/\/www.ernstbrunn-apotheke.at\/katalog\/wp-json\/wp\/v2\/product"}],"about":[{"href":"https:\/\/www.ernstbrunn-apotheke.at\/katalog\/wp-json\/wp\/v2\/types\/product"}],"wp:featuredmedia":[{"embeddable":true,"href":"https:\/\/www.ernstbrunn-apotheke.at\/katalog\/wp-json\/wp\/v2\/media\/77787"}],"wp:attachment":[{"href":"https:\/\/www.ernstbrunn-apotheke.at\/katalog\/wp-json\/wp\/v2\/media?parent=77785"}],"wp:term":[{"taxonomy":"product_brand","embeddable":true,"href":"https:\/\/www.ernstbrunn-apotheke.at\/katalog\/wp-json\/wp\/v2\/product_brand?post=77785"},{"taxonomy":"product_cat","embeddable":true,"href":"https:\/\/www.ernstbrunn-apotheke.at\/katalog\/wp-json\/wp\/v2\/product_cat?post=77785"},{"taxonomy":"product_tag","embeddable":true,"href":"https:\/\/www.ernstbrunn-apotheke.at\/katalog\/wp-json\/wp\/v2\/product_tag?post=77785"}],"curies":[{"name":"wp","href":"https:\/\/api.w.org\/{rel}","templated":true}]}}