{"id":77779,"date":"2025-11-11T22:04:34","date_gmt":"2025-11-11T21:04:34","guid":{"rendered":"https:\/\/www.ernstbrunn-apotheke.at\/katalog\/produkt\/celyoung-fersen-fusscreme-balsam-200-ml\/"},"modified":"2025-12-08T18:55:17","modified_gmt":"2025-12-08T17:55:17","slug":"celyoung-fersen-fusscreme-balsam-200-ml","status":"publish","type":"product","link":"https:\/\/www.ernstbrunn-apotheke.at\/katalog\/produkt\/celyoung-fersen-fusscreme-balsam-200-ml\/","title":{"rendered":"Celyoung Fersen + Fu\u00dfcreme Balsam 200 ml"},"content":{"rendered":"<p>Celyoung Fersen+Fu\u00dfcreme Balsam dient zur leichten Pflege trockener, strapazierter F\u00fcsse. Dar\u00fcber hinaus sorgt es mit hochdosiertem Urea daf\u00fcr, dass schwere Risse und Hornhaut schnell verschwinden. Mit dieser optimierten Kombi sehen Ihre Fuesse schnell wieder super gesund und gepflegt aus.<\/p>\n","protected":false},"excerpt":{"rendered":"<p>Celyoung Fersen+Fu\u00dfcreme Balsam dient zur leichten Pflege trockener, strapazierter F\u00fcsse. Dar\u00fcber hinaus sorgt es mit hochdosiertem Urea daf\u00fcr, dass schwere Risse und Hornhaut schnell verschwinden. Mit dieser optimierten Kombi sehen Ihre Fuesse schnell wieder super gesund und gepflegt aus.<\/p>\n","protected":false},"featured_media":0,"template":"","meta":{"_acf_changed":false},"product_brand":[690],"product_cat":[812],"product_tag":[],"class_list":{"0":"post-77779","1":"product","2":"type-product","3":"status-publish","5":"product_brand-celyoung","6":"product_cat-c","7":"pa_packungsgroesse-500","9":"first","10":"instock","11":"shipping-taxable","12":"purchasable","13":"product-type-simple"},"acf":[],"_links":{"self":[{"href":"https:\/\/www.ernstbrunn-apotheke.at\/katalog\/wp-json\/wp\/v2\/product\/77779","targetHints":{"allow":["GET"]}}],"collection":[{"href":"https:\/\/www.ernstbrunn-apotheke.at\/katalog\/wp-json\/wp\/v2\/product"}],"about":[{"href":"https:\/\/www.ernstbrunn-apotheke.at\/katalog\/wp-json\/wp\/v2\/types\/product"}],"wp:attachment":[{"href":"https:\/\/www.ernstbrunn-apotheke.at\/katalog\/wp-json\/wp\/v2\/media?parent=77779"}],"wp:term":[{"taxonomy":"product_brand","embeddable":true,"href":"https:\/\/www.ernstbrunn-apotheke.at\/katalog\/wp-json\/wp\/v2\/product_brand?post=77779"},{"taxonomy":"product_cat","embeddable":true,"href":"https:\/\/www.ernstbrunn-apotheke.at\/katalog\/wp-json\/wp\/v2\/product_cat?post=77779"},{"taxonomy":"product_tag","embeddable":true,"href":"https:\/\/www.ernstbrunn-apotheke.at\/katalog\/wp-json\/wp\/v2\/product_tag?post=77779"}],"curies":[{"name":"wp","href":"https:\/\/api.w.org\/{rel}","templated":true}]}}