{"id":77755,"date":"2025-11-11T22:04:34","date_gmt":"2025-11-11T21:04:34","guid":{"rendered":"https:\/\/www.ernstbrunn-apotheke.at\/katalog\/produkt\/savoderm-creme-oel-dusche-400-ml\/"},"modified":"2025-12-08T18:55:13","modified_gmt":"2025-12-08T17:55:13","slug":"savoderm-creme-oel-dusche-400-ml","status":"publish","type":"product","link":"https:\/\/www.ernstbrunn-apotheke.at\/katalog\/produkt\/savoderm-creme-oel-dusche-400-ml\/","title":{"rendered":"Savoderm Creme \u00d6l Dusche 400 ml"},"content":{"rendered":"<p>Savoderm Creme \u00d6l Dusche wurde speziell zur Reinigung empfindlicher Haut entwickelt. Das Duschgel mit zart-frischem Duft erfrischt und reinigt mild und sanft mit pH hautneutralen Waschsubstanzen. Provitamin B5 beruhigt und sch\u00fctzt die Hautbarriere. Meeresmineralien pflegen die Haut zus\u00e4tzlich. So bleibt die Haut auch bei h\u00e4ufigem Duschen in gesundem Gleichgewicht.<\/p>\n","protected":false},"excerpt":{"rendered":"<p>Savoderm Creme \u00d6l Dusche wurde speziell zur Reinigung empfindlicher Haut entwickelt. Das Duschgel mit zart-frischem Duft erfrischt und reinigt mild und sanft mit pH hautneutralen Waschsubstanzen. Provitamin B5 beruhigt und sch\u00fctzt die Hautbarriere. Meeresmineralien pflegen die Haut zus\u00e4tzlich. So bleibt die Haut auch bei h\u00e4ufigem Duschen in gesundem Gleichgewicht.<\/p>\n","protected":false},"featured_media":77757,"template":"","meta":{"_acf_changed":false},"product_brand":[],"product_cat":[791],"product_tag":[],"class_list":{"0":"post-77755","1":"product","2":"type-product","3":"status-publish","4":"has-post-thumbnail","6":"product_cat-s","7":"pa_packungsgroesse-400ml","9":"first","10":"instock","11":"shipping-taxable","12":"purchasable","13":"product-type-simple"},"acf":[],"_links":{"self":[{"href":"https:\/\/www.ernstbrunn-apotheke.at\/katalog\/wp-json\/wp\/v2\/product\/77755","targetHints":{"allow":["GET"]}}],"collection":[{"href":"https:\/\/www.ernstbrunn-apotheke.at\/katalog\/wp-json\/wp\/v2\/product"}],"about":[{"href":"https:\/\/www.ernstbrunn-apotheke.at\/katalog\/wp-json\/wp\/v2\/types\/product"}],"wp:featuredmedia":[{"embeddable":true,"href":"https:\/\/www.ernstbrunn-apotheke.at\/katalog\/wp-json\/wp\/v2\/media\/77757"}],"wp:attachment":[{"href":"https:\/\/www.ernstbrunn-apotheke.at\/katalog\/wp-json\/wp\/v2\/media?parent=77755"}],"wp:term":[{"taxonomy":"product_brand","embeddable":true,"href":"https:\/\/www.ernstbrunn-apotheke.at\/katalog\/wp-json\/wp\/v2\/product_brand?post=77755"},{"taxonomy":"product_cat","embeddable":true,"href":"https:\/\/www.ernstbrunn-apotheke.at\/katalog\/wp-json\/wp\/v2\/product_cat?post=77755"},{"taxonomy":"product_tag","embeddable":true,"href":"https:\/\/www.ernstbrunn-apotheke.at\/katalog\/wp-json\/wp\/v2\/product_tag?post=77755"}],"curies":[{"name":"wp","href":"https:\/\/api.w.org\/{rel}","templated":true}]}}