{"id":77752,"date":"2025-11-11T22:04:34","date_gmt":"2025-11-11T21:04:34","guid":{"rendered":"https:\/\/www.ernstbrunn-apotheke.at\/katalog\/produkt\/sebamed-for-men-deo-sensitive-roll-on-50-ml\/"},"modified":"2025-12-08T18:55:10","modified_gmt":"2025-12-08T17:55:10","slug":"sebamed-for-men-deo-sensitive-roll-on-50-ml","status":"publish","type":"product","link":"https:\/\/www.ernstbrunn-apotheke.at\/katalog\/produkt\/sebamed-for-men-deo-sensitive-roll-on-50-ml\/","title":{"rendered":"Sebamed For Men Deo Sensitive Roll-On 50 ml"},"content":{"rendered":"<p>Das DEO SENSITIVE Roll-on ist besonders hautvertr\u00e4glich, denn es ist frei von Alkohol und Aluminiumsalzen. Sein Trisoft-Wirksystem bindet Geruchsstoffe, hemmt geruchsbildende Bakterien und pflegt die Haut. Der pH-Wert 5,5 wirkt nat\u00fcrlich desodorierend und f\u00f6rdert die hauteigenen Schutzfunktionen. Wirksamkeit und Hautvertr\u00e4glichkeit sind klinisch-dermatologisch best\u00e4tigt.<\/p>\n","protected":false},"excerpt":{"rendered":"<p>Das DEO SENSITIVE Roll-on ist besonders hautvertr\u00e4glich, denn es ist frei von Alkohol und Aluminiumsalzen. Sein Trisoft-Wirksystem bindet Geruchsstoffe, hemmt geruchsbildende Bakterien und pflegt die Haut. Der pH-Wert 5,5 wirkt nat\u00fcrlich desodorierend und f\u00f6rdert die hauteigenen Schutzfunktionen. Wirksamkeit und Hautvertr\u00e4glichkeit sind klinisch-dermatologisch best\u00e4tigt.<\/p>\n","protected":false},"featured_media":77754,"template":"","meta":{"_acf_changed":false},"product_brand":[737],"product_cat":[791],"product_tag":[],"class_list":{"0":"post-77752","1":"product","2":"type-product","3":"status-publish","4":"has-post-thumbnail","6":"product_brand-sebamed","7":"product_cat-s","8":"pa_packungsgroesse-50ml","10":"first","11":"instock","12":"shipping-taxable","13":"purchasable","14":"product-type-simple"},"acf":[],"_links":{"self":[{"href":"https:\/\/www.ernstbrunn-apotheke.at\/katalog\/wp-json\/wp\/v2\/product\/77752","targetHints":{"allow":["GET"]}}],"collection":[{"href":"https:\/\/www.ernstbrunn-apotheke.at\/katalog\/wp-json\/wp\/v2\/product"}],"about":[{"href":"https:\/\/www.ernstbrunn-apotheke.at\/katalog\/wp-json\/wp\/v2\/types\/product"}],"wp:featuredmedia":[{"embeddable":true,"href":"https:\/\/www.ernstbrunn-apotheke.at\/katalog\/wp-json\/wp\/v2\/media\/77754"}],"wp:attachment":[{"href":"https:\/\/www.ernstbrunn-apotheke.at\/katalog\/wp-json\/wp\/v2\/media?parent=77752"}],"wp:term":[{"taxonomy":"product_brand","embeddable":true,"href":"https:\/\/www.ernstbrunn-apotheke.at\/katalog\/wp-json\/wp\/v2\/product_brand?post=77752"},{"taxonomy":"product_cat","embeddable":true,"href":"https:\/\/www.ernstbrunn-apotheke.at\/katalog\/wp-json\/wp\/v2\/product_cat?post=77752"},{"taxonomy":"product_tag","embeddable":true,"href":"https:\/\/www.ernstbrunn-apotheke.at\/katalog\/wp-json\/wp\/v2\/product_tag?post=77752"}],"curies":[{"name":"wp","href":"https:\/\/api.w.org\/{rel}","templated":true}]}}