{"id":77744,"date":"2025-11-11T22:04:34","date_gmt":"2025-11-11T21:04:34","guid":{"rendered":"https:\/\/www.ernstbrunn-apotheke.at\/katalog\/produkt\/casida-waschlotion-repair-protect-schutz-gegen-haut-nagelpilz-200ml\/"},"modified":"2025-12-08T18:55:06","modified_gmt":"2025-12-08T17:55:06","slug":"casida-waschlotion-repair-protect-schutz-gegen-haut-nagelpilz-200ml","status":"publish","type":"product","link":"https:\/\/www.ernstbrunn-apotheke.at\/katalog\/produkt\/casida-waschlotion-repair-protect-schutz-gegen-haut-nagelpilz-200ml\/","title":{"rendered":"Casida WASCHLOTION Repair &#038; Protect Schutz gegen Haut &#8211; &#038; Nagelpilz &#8211; 200ml"},"content":{"rendered":"<p>Casida Waschlotion Repair &#038; Protect enth\u00e4lt hochwertige, naturreine \u00d6le wie Teebaum\u00f6l, Oregano \u00d6l, Rosmarin \u00d6l und Pfefferminz\u00f6l f\u00fcr ein optimales Ergebnis. Pflegt juckende und raue Hautstellen wieder geschmeidig sch\u00f6n und sch\u00fctzt die F\u00fc\u00dfe und N\u00e4gel dauerhaft vor Fu\u00df- und Nagelpilz. Praktisch f\u00fcr die t\u00e4gliche Hygiene &#8211; mit hohem Rabatt bestellen!<\/p>\n","protected":false},"excerpt":{"rendered":"<p>Casida Waschlotion Repair &#038; Protect enth\u00e4lt hochwertige, naturreine \u00d6le wie Teebaum\u00f6l, Oregano \u00d6l, Rosmarin \u00d6l und Pfefferminz\u00f6l f\u00fcr ein optimales Ergebnis. Pflegt juckende und raue Hautstellen wieder geschmeidig sch\u00f6n und sch\u00fctzt die F\u00fc\u00dfe und N\u00e4gel dauerhaft vor Fu\u00df- und Nagelpilz. Praktisch f\u00fcr die t\u00e4gliche Hygiene &#8211; mit hohem Rabatt bestellen!<\/p>\n","protected":false},"featured_media":77746,"template":"","meta":{"_acf_changed":false},"product_brand":[],"product_cat":[812],"product_tag":[],"class_list":{"0":"post-77744","1":"product","2":"type-product","3":"status-publish","4":"has-post-thumbnail","6":"product_cat-c","7":"pa_packungsgroesse-200ml","9":"first","10":"instock","11":"shipping-taxable","12":"purchasable","13":"product-type-simple"},"acf":[],"_links":{"self":[{"href":"https:\/\/www.ernstbrunn-apotheke.at\/katalog\/wp-json\/wp\/v2\/product\/77744","targetHints":{"allow":["GET"]}}],"collection":[{"href":"https:\/\/www.ernstbrunn-apotheke.at\/katalog\/wp-json\/wp\/v2\/product"}],"about":[{"href":"https:\/\/www.ernstbrunn-apotheke.at\/katalog\/wp-json\/wp\/v2\/types\/product"}],"wp:featuredmedia":[{"embeddable":true,"href":"https:\/\/www.ernstbrunn-apotheke.at\/katalog\/wp-json\/wp\/v2\/media\/77746"}],"wp:attachment":[{"href":"https:\/\/www.ernstbrunn-apotheke.at\/katalog\/wp-json\/wp\/v2\/media?parent=77744"}],"wp:term":[{"taxonomy":"product_brand","embeddable":true,"href":"https:\/\/www.ernstbrunn-apotheke.at\/katalog\/wp-json\/wp\/v2\/product_brand?post=77744"},{"taxonomy":"product_cat","embeddable":true,"href":"https:\/\/www.ernstbrunn-apotheke.at\/katalog\/wp-json\/wp\/v2\/product_cat?post=77744"},{"taxonomy":"product_tag","embeddable":true,"href":"https:\/\/www.ernstbrunn-apotheke.at\/katalog\/wp-json\/wp\/v2\/product_tag?post=77744"}],"curies":[{"name":"wp","href":"https:\/\/api.w.org\/{rel}","templated":true}]}}