{"id":77690,"date":"2025-11-11T22:03:08","date_gmt":"2025-11-11T21:03:08","guid":{"rendered":"https:\/\/www.ernstbrunn-apotheke.at\/katalog\/produkt\/sonnenmoor-universal-kraeuter-creme-murmeltierfett-500-g\/"},"modified":"2025-12-08T18:54:47","modified_gmt":"2025-12-08T17:54:47","slug":"sonnenmoor-universal-kraeuter-creme-murmeltierfett-500-g","status":"publish","type":"product","link":"https:\/\/www.ernstbrunn-apotheke.at\/katalog\/produkt\/sonnenmoor-universal-kraeuter-creme-murmeltierfett-500-g\/","title":{"rendered":"SonnenMoor Universal Kr\u00e4uter Creme + Murmeltierfett 500 g"},"content":{"rendered":"<p>Die Firma SonnenMoor in Anthering besch\u00e4ftigt sich seit 1972 mit pflanzlichen Produkten aus Kr\u00e4utern und Moor f\u00fcr Mensch und Tier. Die Philosophie der Firma fasst der Gesch\u00e4ftsf\u00fchrer Siegfried Fink folgend zusammen: Im Einklang mit der Natur leben und mit nat\u00fcrlichen Wirkstoffen von Kr\u00e4utern und Moor mehr Wohlbefinden und Lebensqualit\u00e4t erlangen. Diesem Credo folgend werden s\u00e4mtliche SonnenMoor Produkte wie Nahrungserg\u00e4nzungsmittel, Kr\u00e4utertees, Cremen, Kr\u00e4utermassagefluid, und Moorprodukte f\u00fcr die innere Anwendung und \u00e4u\u00dfere Anwendung ohne chemische Zus\u00e4tze, ohne Stabilisatoren, ohne Konservierungsstoffe, ohne Aromen, ohne Farbstoffe oder Geschmacksverst\u00e4rker hergestellt.<\/p>\n","protected":false},"excerpt":{"rendered":"<p>Die Firma SonnenMoor in Anthering besch\u00e4ftigt sich seit 1972 mit pflanzlichen Produkten aus Kr\u00e4utern und Moor f\u00fcr Mensch und Tier. Die Philosophie der Firma fasst der Gesch\u00e4ftsf\u00fchrer Siegfried Fink folgend zusammen: Im Einklang mit der Natur leben und mit nat\u00fcrlichen Wirkstoffen von Kr\u00e4utern und Moor mehr Wohlbefinden und Lebensqualit\u00e4t erlangen. Diesem Credo folgend werden s\u00e4mtliche [&hellip;]<\/p>\n","protected":false},"featured_media":77692,"template":"","meta":{"_acf_changed":false},"product_brand":[1106],"product_cat":[791],"product_tag":[],"class_list":{"0":"post-77690","1":"product","2":"type-product","3":"status-publish","4":"has-post-thumbnail","6":"product_brand-moorprodukte","7":"product_cat-s","8":"pa_packungsgroesse-500g","10":"first","11":"instock","12":"shipping-taxable","13":"purchasable","14":"product-type-simple"},"acf":[],"_links":{"self":[{"href":"https:\/\/www.ernstbrunn-apotheke.at\/katalog\/wp-json\/wp\/v2\/product\/77690","targetHints":{"allow":["GET"]}}],"collection":[{"href":"https:\/\/www.ernstbrunn-apotheke.at\/katalog\/wp-json\/wp\/v2\/product"}],"about":[{"href":"https:\/\/www.ernstbrunn-apotheke.at\/katalog\/wp-json\/wp\/v2\/types\/product"}],"wp:featuredmedia":[{"embeddable":true,"href":"https:\/\/www.ernstbrunn-apotheke.at\/katalog\/wp-json\/wp\/v2\/media\/77692"}],"wp:attachment":[{"href":"https:\/\/www.ernstbrunn-apotheke.at\/katalog\/wp-json\/wp\/v2\/media?parent=77690"}],"wp:term":[{"taxonomy":"product_brand","embeddable":true,"href":"https:\/\/www.ernstbrunn-apotheke.at\/katalog\/wp-json\/wp\/v2\/product_brand?post=77690"},{"taxonomy":"product_cat","embeddable":true,"href":"https:\/\/www.ernstbrunn-apotheke.at\/katalog\/wp-json\/wp\/v2\/product_cat?post=77690"},{"taxonomy":"product_tag","embeddable":true,"href":"https:\/\/www.ernstbrunn-apotheke.at\/katalog\/wp-json\/wp\/v2\/product_tag?post=77690"}],"curies":[{"name":"wp","href":"https:\/\/api.w.org\/{rel}","templated":true}]}}